{"id":1654,"date":"2023-04-12T10:48:19","date_gmt":"2023-04-12T08:48:19","guid":{"rendered":"https:\/\/lagodidro.it\/aktiviteiten\/"},"modified":"2023-05-01T15:37:03","modified_gmt":"2023-05-01T13:37:03","slug":"aktivitaeten","status":"publish","type":"page","link":"https:\/\/lagodidro.it\/de\/aktivitaeten\/","title":{"rendered":"Aktivit\u00e4ten"},"content":{"rendered":"<section class=\"l-section wpb_row height_medium\"><div class=\"l-section-h i-cf\"><div class=\"g-cols vc_row via_grid cols_1 laptops-cols_inherit tablets-cols_inherit mobiles-cols_1 valign_top type_default stacking_default\"><div class=\"wpb_column vc_column_container\"><div class=\"vc_column-inner\"><div class=\"wpb_text_column\"><div class=\"wpb_wrapper\"><h1>Aktivit\u00e4ten<\/h1>\n<h2>\u00a0Finde heraus, was du w\u00e4hrend deines Urlaubs am Idrosee unternehmen kannst<\/h2>\n<\/div><\/div><\/div><\/div><\/div><\/div><\/section><section class=\"l-section wpb_row height_medium\"><div class=\"l-section-h i-cf\"><div class=\"g-cols vc_row via_grid cols_1 laptops-cols_inherit tablets-cols_inherit mobiles-cols_1 valign_top type_default stacking_default\"><div class=\"wpb_column vc_column_container\"><div class=\"vc_column-inner\"><div class=\"w-grid type_grid layout_480 cols_3 overflow_hidden\" id=\"us_grid_1\" style=\"--columns:3;--gap:1rem;\"><style>@media (max-width:1024px){#us_grid_1{--columns:2!important}}@media (max-width:600px){#us_grid_1{--columns:1!important}}.layout_480 .w-grid-item-h{border-radius:0.4rem}.layout_480 .usg_post_image_1{transition-duration:0.3s;transform-origin:50% 50%;transform:scale(1) translate(0%,0%)}.layout_480 .w-grid-item-h:focus-within .usg_post_image_1,.layout_480 .w-grid-item-h:hover .usg_post_image_1{transform:scale(1.1) translate(0%,0%);opacity:1}.layout_480 .usg_vwrapper_1{position:absolute!important;right:0!important;bottom:0!important;left:0!important;background:linear-gradient(transparent,rgba(30,30,30,0.8))!important;padding:5rem 8% 1.5rem 8%!important}.layout_480 .usg_post_title_1{color:#ffffff!important;font-size:1.6rem!important;font-weight:700!important;margin-bottom:0.3rem!important}<\/style><div class=\"w-grid-list\">\t<article class=\"w-grid-item size_1x1 post-1662 page type-page status-publish has-post-thumbnail hentry\" data-id=\"1662\">\r\n\t\t<div class=\"w-grid-item-h\">\r\n\t\t\t\t\t\t\t<a href=\"https:\/\/lagodidro.it\/de\/aktivitaeten\/kultur\/\" class=\"w-grid-item-anchor\" aria-label=\"Kultur\"><\/a>\r\n\t\t\t\t\t\t<div class=\"w-post-elm post_image usg_post_image_1 has_ratio\"><img loading=\"lazy\" decoding=\"async\" width=\"1150\" height=\"645\" src=\"https:\/\/lagodidro.it\/wp-content\/uploads\/2023\/04\/cultura-0.jpg\" class=\"attachment-full size-full wp-post-image\" alt=\"\" \/><div style=\"padding-bottom:100%\"><\/div><\/div><div class=\"w-vwrapper usg_vwrapper_1 align_none valign_bottom\"><h2 class=\"w-post-elm post_title usg_post_title_1 has_text_color entry-title color_link_inherit\">Kultur<\/h2><\/div>\t\t<\/div>\r\n\t\t\t<\/article>\r\n\t<article class=\"w-grid-item size_1x1 post-1696 page type-page status-publish has-post-thumbnail hentry\" data-id=\"1696\">\r\n\t\t<div class=\"w-grid-item-h\">\r\n\t\t\t\t\t\t\t<a href=\"https:\/\/lagodidro.it\/de\/aktivitaeten\/gastronomie\/\" class=\"w-grid-item-anchor\" aria-label=\"Gastronomie\"><\/a>\r\n\t\t\t\t\t\t<div class=\"w-post-elm post_image usg_post_image_1 has_ratio\"><img loading=\"lazy\" decoding=\"async\" width=\"1920\" height=\"2560\" src=\"https:\/\/lagodidro.it\/wp-content\/uploads\/2023\/05\/3D7BE602-6A1C-4A6C-AFEB-A030F234D213_1_201_a-scaled.jpeg\" class=\"attachment-full size-full wp-post-image\" alt=\"\" \/><div style=\"padding-bottom:100%\"><\/div><\/div><div class=\"w-vwrapper usg_vwrapper_1 align_none valign_bottom\"><h2 class=\"w-post-elm post_title usg_post_title_1 has_text_color entry-title color_link_inherit\">Gastronomie<\/h2><\/div>\t\t<\/div>\r\n\t\t\t<\/article>\r\n\t<article class=\"w-grid-item size_1x1 post-1787 page type-page status-publish has-post-thumbnail hentry\" data-id=\"1787\">\r\n\t\t<div class=\"w-grid-item-h\">\r\n\t\t\t\t\t\t\t<a href=\"https:\/\/lagodidro.it\/de\/aktivitaeten\/die-berge\/\" class=\"w-grid-item-anchor\" aria-label=\"Die Berge\"><\/a>\r\n\t\t\t\t\t\t<div class=\"w-post-elm post_image usg_post_image_1 has_ratio\"><img loading=\"lazy\" decoding=\"async\" width=\"1150\" height=\"645\" src=\"https:\/\/lagodidro.it\/wp-content\/uploads\/2023\/04\/montagna_6.jpg\" class=\"attachment-full size-full wp-post-image\" alt=\"\" \/><div style=\"padding-bottom:100%\"><\/div><\/div><div class=\"w-vwrapper usg_vwrapper_1 align_none valign_bottom\"><h2 class=\"w-post-elm post_title usg_post_title_1 has_text_color entry-title color_link_inherit\">Die Berge<\/h2><\/div>\t\t<\/div>\r\n\t\t\t<\/article>\r\n\t<article class=\"w-grid-item size_1x1 post-1886 page type-page status-publish has-post-thumbnail hentry\" data-id=\"1886\">\r\n\t\t<div class=\"w-grid-item-h\">\r\n\t\t\t\t\t\t\t<a href=\"https:\/\/lagodidro.it\/de\/aktivitaeten\/sport\/\" class=\"w-grid-item-anchor\" aria-label=\"Sport\"><\/a>\r\n\t\t\t\t\t\t<div class=\"w-post-elm post_image usg_post_image_1 has_ratio\"><img loading=\"lazy\" decoding=\"async\" width=\"1150\" height=\"645\" src=\"https:\/\/lagodidro.it\/wp-content\/uploads\/2023\/04\/sport_2.jpg\" class=\"attachment-full size-full wp-post-image\" alt=\"\" \/><div style=\"padding-bottom:100%\"><\/div><\/div><div class=\"w-vwrapper usg_vwrapper_1 align_none valign_bottom\"><h2 class=\"w-post-elm post_title usg_post_title_1 has_text_color entry-title color_link_inherit\">Sport<\/h2><\/div>\t\t<\/div>\r\n\t\t\t<\/article>\r\n\t<article class=\"w-grid-item size_1x1 post-1959 page type-page status-publish has-post-thumbnail hentry\" data-id=\"1959\">\r\n\t\t<div class=\"w-grid-item-h\">\r\n\t\t\t\t\t\t\t<a href=\"https:\/\/lagodidro.it\/de\/aktivitaeten\/idrosee\/\" class=\"w-grid-item-anchor\" aria-label=\"Idrosee\"><\/a>\r\n\t\t\t\t\t\t<div class=\"w-post-elm post_image usg_post_image_1 has_ratio\"><img loading=\"lazy\" decoding=\"async\" width=\"1150\" height=\"645\" src=\"https:\/\/lagodidro.it\/wp-content\/uploads\/2023\/04\/lago_3.jpg\" class=\"attachment-full size-full wp-post-image\" alt=\"\" \/><div style=\"padding-bottom:100%\"><\/div><\/div><div class=\"w-vwrapper usg_vwrapper_1 align_none valign_bottom\"><h2 class=\"w-post-elm post_title usg_post_title_1 has_text_color entry-title color_link_inherit\">Idrosee<\/h2><\/div>\t\t<\/div>\r\n\t\t\t<\/article>\r\n\t<article class=\"w-grid-item size_1x1 post-1969 page type-page status-publish has-post-thumbnail hentry\" data-id=\"1969\">\r\n\t\t<div class=\"w-grid-item-h\">\r\n\t\t\t\t\t\t\t<a href=\"https:\/\/lagodidro.it\/de\/aktivitaeten\/exkursionen\/\" class=\"w-grid-item-anchor\" aria-label=\"Exkursionen\"><\/a>\r\n\t\t\t\t\t\t<div class=\"w-post-elm post_image usg_post_image_1 has_ratio\"><img loading=\"lazy\" decoding=\"async\" width=\"1150\" height=\"645\" src=\"https:\/\/lagodidro.it\/wp-content\/uploads\/2023\/04\/gite_9.jpg\" class=\"attachment-full size-full wp-post-image\" alt=\"\" \/><div style=\"padding-bottom:100%\"><\/div><\/div><div class=\"w-vwrapper usg_vwrapper_1 align_none valign_bottom\"><h2 class=\"w-post-elm post_title usg_post_title_1 has_text_color entry-title color_link_inherit\">Exkursionen<\/h2><\/div>\t\t<\/div>\r\n\t\t\t<\/article>\r\n<\/div><div class=\"w-grid-preloader\">\t<div class=\"g-preloader type_custom\">\r\n\t\t<div><img loading=\"lazy\" decoding=\"async\" width=\"300\" height=\"158\" src=\"https:\/\/lagodidro.it\/wp-content\/uploads\/2023\/03\/logo-lagodidro-home-300x158.png\" class=\"attachment-medium size-medium\" alt=\"\" srcset=\"https:\/\/lagodidro.it\/wp-content\/uploads\/2023\/03\/logo-lagodidro-home-300x158.png 300w, https:\/\/lagodidro.it\/wp-content\/uploads\/2023\/03\/logo-lagodidro-home.png 429w\" sizes=\"auto, (max-width: 300px) 100vw, 300px\" \/><\/div>\r\n\t<\/div>\r\n\t<\/div>\t<div class=\"w-grid-json hidden\" onclick='return {&quot;action&quot;:&quot;us_ajax_grid&quot;,&quot;infinite_scroll&quot;:0,&quot;max_num_pages&quot;:1,&quot;pagination&quot;:&quot;none&quot;,&quot;template_vars&quot;:{&quot;columns&quot;:&quot;3&quot;,&quot;exclude_items&quot;:&quot;none&quot;,&quot;img_size&quot;:&quot;default&quot;,&quot;ignore_items_size&quot;:0,&quot;items_layout&quot;:&quot;480&quot;,&quot;items_offset&quot;:&quot;1&quot;,&quot;load_animation&quot;:&quot;none&quot;,&quot;overriding_link&quot;:&quot;%7B%22type%22%3A%22post%22%7D&quot;,&quot;post_id&quot;:0,&quot;query_args&quot;:{&quot;ignore_sticky_posts&quot;:1,&quot;post_type&quot;:&quot;any&quot;,&quot;post__in&quot;:[&quot;404&quot;,&quot;421&quot;,&quot;433&quot;,&quot;443&quot;,&quot;467&quot;,&quot;454&quot;],&quot;posts_per_page&quot;:&quot;10&quot;},&quot;orderby_query_args&quot;:{&quot;orderby&quot;:{&quot;menu_order&quot;:&quot;ASC&quot;},&quot;order&quot;:&quot;ASC&quot;},&quot;type&quot;:&quot;grid&quot;,&quot;us_grid_post_type&quot;:&quot;ids&quot;,&quot;us_grid_ajax_index&quot;:1,&quot;us_grid_filter_query_string&quot;:null,&quot;us_grid_index&quot;:1,&quot;page_args&quot;:[],&quot;lang&quot;:&quot;de&quot;}}'><\/div>\r\n\t<\/div><\/div><\/div><\/div><\/div><\/section>\n","protected":false},"excerpt":{"rendered":"StartSeitenEin Tagesausflug Tagesfahrten mit dem Auto Besucher des Idrosees k\u00f6nnen auch Tagesausfl\u00fcge mit dem Auto unternehmen. Das Westufer des ber\u00fchmten Gardasees ist nur 30 km entfernt und f\u00fchrt durch das Valle di Ledro, das f\u00fcr seinen See und seine pr\u00e4historischen Pfahlbauten ber\u00fchmt ist. Nach einem Besuch der typischen Seest\u00e4dte Riva, Limone und Gargnano kannst du...","protected":false},"author":1,"featured_media":1260,"parent":0,"menu_order":0,"comment_status":"closed","ping_status":"closed","template":"","meta":{"_acf_changed":false,"inline_featured_image":false,"footnotes":""},"class_list":["post-1654","page","type-page","status-publish","has-post-thumbnail","hentry"],"acf":[],"yoast_head":"<!-- This site is optimized with the Yoast SEO plugin v27.5 - https:\/\/yoast.com\/product\/yoast-seo-wordpress\/ -->\n<title>Aktivit\u00e4ten - Consorzio Operatori Turistici del Lago d&#039;Idro<\/title>\n<meta name=\"description\" content=\"Was du w\u00e4hrend deines Urlaubs am Idrosee tun kannst.\" \/>\n<meta name=\"robots\" content=\"index, follow, max-snippet:-1, max-image-preview:large, max-video-preview:-1\" \/>\n<link rel=\"canonical\" href=\"https:\/\/lagodidro.it\/attivita\/\" \/>\n<meta property=\"og:locale\" content=\"de_DE\" \/>\n<meta property=\"og:type\" content=\"article\" \/>\n<meta property=\"og:title\" content=\"Aktivit\u00e4ten - Consorzio Operatori Turistici del Lago d&#039;Idro\" \/>\n<meta property=\"og:description\" content=\"Was du w\u00e4hrend deines Urlaubs am Idrosee tun kannst.\" \/>\n<meta property=\"og:url\" content=\"https:\/\/lagodidro.it\/attivita\/\" \/>\n<meta property=\"og:site_name\" content=\"Consorzio Operatori Turistici del Lago d&#039;Idro\" \/>\n<meta property=\"article:modified_time\" content=\"2023-05-01T13:37:03+00:00\" \/>\n<meta property=\"og:image\" content=\"https:\/\/lagodidro.it\/wp-content\/uploads\/2023\/04\/montagna_9.jpg\" \/>\n\t<meta property=\"og:image:width\" content=\"1150\" \/>\n\t<meta property=\"og:image:height\" content=\"645\" \/>\n\t<meta property=\"og:image:type\" content=\"image\/jpeg\" \/>\n<meta name=\"twitter:card\" content=\"summary_large_image\" \/>\n<meta name=\"twitter:label1\" content=\"Gesch\u00e4tzte Lesezeit\" \/>\n\t<meta name=\"twitter:data1\" content=\"1\u00a0Minute\" \/>\n<script type=\"application\/ld+json\" class=\"yoast-schema-graph\">{\"@context\":\"https:\\\/\\\/schema.org\",\"@graph\":[{\"@type\":\"WebPage\",\"@id\":\"https:\\\/\\\/lagodidro.it\\\/attivita\\\/\",\"url\":\"https:\\\/\\\/lagodidro.it\\\/attivita\\\/\",\"name\":\"Aktivit\u00e4ten - Consorzio Operatori Turistici del Lago d&#039;Idro\",\"isPartOf\":{\"@id\":\"https:\\\/\\\/lagodidro.it\\\/#website\"},\"primaryImageOfPage\":{\"@id\":\"https:\\\/\\\/lagodidro.it\\\/attivita\\\/#primaryimage\"},\"image\":{\"@id\":\"https:\\\/\\\/lagodidro.it\\\/attivita\\\/#primaryimage\"},\"thumbnailUrl\":\"https:\\\/\\\/lagodidro.it\\\/wp-content\\\/uploads\\\/2023\\\/04\\\/montagna_9.jpg\",\"datePublished\":\"2023-04-12T08:48:19+00:00\",\"dateModified\":\"2023-05-01T13:37:03+00:00\",\"description\":\"Was du w\u00e4hrend deines Urlaubs am Idrosee tun kannst.\",\"breadcrumb\":{\"@id\":\"https:\\\/\\\/lagodidro.it\\\/attivita\\\/#breadcrumb\"},\"inLanguage\":\"de\",\"potentialAction\":[{\"@type\":\"ReadAction\",\"target\":[\"https:\\\/\\\/lagodidro.it\\\/attivita\\\/\"]}]},{\"@type\":\"ImageObject\",\"inLanguage\":\"de\",\"@id\":\"https:\\\/\\\/lagodidro.it\\\/attivita\\\/#primaryimage\",\"url\":\"https:\\\/\\\/lagodidro.it\\\/wp-content\\\/uploads\\\/2023\\\/04\\\/montagna_9.jpg\",\"contentUrl\":\"https:\\\/\\\/lagodidro.it\\\/wp-content\\\/uploads\\\/2023\\\/04\\\/montagna_9.jpg\",\"width\":1150,\"height\":645},{\"@type\":\"BreadcrumbList\",\"@id\":\"https:\\\/\\\/lagodidro.it\\\/attivita\\\/#breadcrumb\",\"itemListElement\":[{\"@type\":\"ListItem\",\"position\":1,\"name\":\"Home\",\"item\":\"https:\\\/\\\/lagodidro.it\\\/de\\\/\"},{\"@type\":\"ListItem\",\"position\":2,\"name\":\"Aktivit\u00e4ten\"}]},{\"@type\":\"WebSite\",\"@id\":\"https:\\\/\\\/lagodidro.it\\\/#website\",\"url\":\"https:\\\/\\\/lagodidro.it\\\/\",\"name\":\"Consorzio Operatori Turistici del Lago d&#039;Idro\",\"description\":\"Consorzio Operatori Turistici del Lago d&#039;Idro\",\"potentialAction\":[{\"@type\":\"SearchAction\",\"target\":{\"@type\":\"EntryPoint\",\"urlTemplate\":\"https:\\\/\\\/lagodidro.it\\\/?s={search_term_string}\"},\"query-input\":{\"@type\":\"PropertyValueSpecification\",\"valueRequired\":true,\"valueName\":\"search_term_string\"}}],\"inLanguage\":\"de\"}]}<\/script>\n<!-- \/ Yoast SEO plugin. -->","yoast_head_json":{"title":"Aktivit\u00e4ten - Consorzio Operatori Turistici del Lago d&#039;Idro","description":"Was du w\u00e4hrend deines Urlaubs am Idrosee tun kannst.","robots":{"index":"index","follow":"follow","max-snippet":"max-snippet:-1","max-image-preview":"max-image-preview:large","max-video-preview":"max-video-preview:-1"},"canonical":"https:\/\/lagodidro.it\/attivita\/","og_locale":"de_DE","og_type":"article","og_title":"Aktivit\u00e4ten - Consorzio Operatori Turistici del Lago d&#039;Idro","og_description":"Was du w\u00e4hrend deines Urlaubs am Idrosee tun kannst.","og_url":"https:\/\/lagodidro.it\/attivita\/","og_site_name":"Consorzio Operatori Turistici del Lago d&#039;Idro","article_modified_time":"2023-05-01T13:37:03+00:00","og_image":[{"width":1150,"height":645,"url":"https:\/\/lagodidro.it\/wp-content\/uploads\/2023\/04\/montagna_9.jpg","type":"image\/jpeg"}],"twitter_card":"summary_large_image","twitter_misc":{"Gesch\u00e4tzte Lesezeit":"1\u00a0Minute"},"schema":{"@context":"https:\/\/schema.org","@graph":[{"@type":"WebPage","@id":"https:\/\/lagodidro.it\/attivita\/","url":"https:\/\/lagodidro.it\/attivita\/","name":"Aktivit\u00e4ten - Consorzio Operatori Turistici del Lago d&#039;Idro","isPartOf":{"@id":"https:\/\/lagodidro.it\/#website"},"primaryImageOfPage":{"@id":"https:\/\/lagodidro.it\/attivita\/#primaryimage"},"image":{"@id":"https:\/\/lagodidro.it\/attivita\/#primaryimage"},"thumbnailUrl":"https:\/\/lagodidro.it\/wp-content\/uploads\/2023\/04\/montagna_9.jpg","datePublished":"2023-04-12T08:48:19+00:00","dateModified":"2023-05-01T13:37:03+00:00","description":"Was du w\u00e4hrend deines Urlaubs am Idrosee tun kannst.","breadcrumb":{"@id":"https:\/\/lagodidro.it\/attivita\/#breadcrumb"},"inLanguage":"de","potentialAction":[{"@type":"ReadAction","target":["https:\/\/lagodidro.it\/attivita\/"]}]},{"@type":"ImageObject","inLanguage":"de","@id":"https:\/\/lagodidro.it\/attivita\/#primaryimage","url":"https:\/\/lagodidro.it\/wp-content\/uploads\/2023\/04\/montagna_9.jpg","contentUrl":"https:\/\/lagodidro.it\/wp-content\/uploads\/2023\/04\/montagna_9.jpg","width":1150,"height":645},{"@type":"BreadcrumbList","@id":"https:\/\/lagodidro.it\/attivita\/#breadcrumb","itemListElement":[{"@type":"ListItem","position":1,"name":"Home","item":"https:\/\/lagodidro.it\/de\/"},{"@type":"ListItem","position":2,"name":"Aktivit\u00e4ten"}]},{"@type":"WebSite","@id":"https:\/\/lagodidro.it\/#website","url":"https:\/\/lagodidro.it\/","name":"Consorzio Operatori Turistici del Lago d&#039;Idro","description":"Consorzio Operatori Turistici del Lago d&#039;Idro","potentialAction":[{"@type":"SearchAction","target":{"@type":"EntryPoint","urlTemplate":"https:\/\/lagodidro.it\/?s={search_term_string}"},"query-input":{"@type":"PropertyValueSpecification","valueRequired":true,"valueName":"search_term_string"}}],"inLanguage":"de"}]}},"_links":{"self":[{"href":"https:\/\/lagodidro.it\/de\/wp-json\/wp\/v2\/pages\/1654","targetHints":{"allow":["GET"]}}],"collection":[{"href":"https:\/\/lagodidro.it\/de\/wp-json\/wp\/v2\/pages"}],"about":[{"href":"https:\/\/lagodidro.it\/de\/wp-json\/wp\/v2\/types\/page"}],"author":[{"embeddable":true,"href":"https:\/\/lagodidro.it\/de\/wp-json\/wp\/v2\/users\/1"}],"replies":[{"embeddable":true,"href":"https:\/\/lagodidro.it\/de\/wp-json\/wp\/v2\/comments?post=1654"}],"version-history":[{"count":2,"href":"https:\/\/lagodidro.it\/de\/wp-json\/wp\/v2\/pages\/1654\/revisions"}],"predecessor-version":[{"id":1656,"href":"https:\/\/lagodidro.it\/de\/wp-json\/wp\/v2\/pages\/1654\/revisions\/1656"}],"wp:featuredmedia":[{"embeddable":true,"href":"https:\/\/lagodidro.it\/de\/wp-json\/wp\/v2\/media\/1260"}],"wp:attachment":[{"href":"https:\/\/lagodidro.it\/de\/wp-json\/wp\/v2\/media?parent=1654"}],"curies":[{"name":"wp","href":"https:\/\/api.w.org\/{rel}","templated":true}]}}