{"id":1662,"date":"2023-04-12T10:10:24","date_gmt":"2023-04-12T08:10:24","guid":{"rendered":"https:\/\/lagodidro.it\/aktivitaeten\/cultuur\/"},"modified":"2023-05-01T15:53:41","modified_gmt":"2023-05-01T13:53:41","slug":"kultur","status":"publish","type":"page","link":"https:\/\/lagodidro.it\/de\/aktivitaeten\/kultur\/","title":{"rendered":"Kultur"},"content":{"rendered":"<section class=\"l-section wpb_row height_large full_height valign_bottom with_img with_shape\"><div class=\"l-section-img\" role=\"img\" aria-label=\"Bild\" data-img-width=\"1150\" data-img-height=\"645\" style=\"background-image: url(https:\/\/lagodidro.it\/wp-content\/uploads\/2023\/04\/cultura-0.jpg);background-repeat: no-repeat;\"><\/div><div class=\"l-section-shape type_wave pos_bottom\" style=\"height:10vmin;\"><svg xmlns=\"http:\/\/www.w3.org\/2000\/svg\" viewBox=\"0 4 64 4\" preserveAspectRatio=\"none\" width=\"100%\" height=\"100%\">\r\n\t<path fill=\"currentColor\" d=\"M64 6 C32 0 32 12 0 6 L0 8 L64 8 Z\"\/>\r\n<\/svg><\/div><div class=\"l-section-h i-cf\"><div class=\"g-cols vc_row via_grid cols_1 laptops-cols_inherit tablets-cols_inherit mobiles-cols_1 valign_top type_default stacking_default\"><div class=\"wpb_column vc_column_container\"><div class=\"vc_column-inner\"><nav class=\"g-breadcrumbs us_custom_9fc592ca has_text_color separator_icon align_none\" itemscope itemtype=\"http:\/\/schema.org\/BreadcrumbList\"><div class=\"g-breadcrumbs-item\" itemscope itemprop=\"itemListElement\" itemtype=\"http:\/\/schema.org\/ListItem\"><a itemprop=\"item\" href=\"https:\/\/lagodidro.it\/de\/\"><span itemprop=\"name\">Start<\/span><\/a><meta itemprop=\"position\" content=\"1\"\/><\/div><div class=\"g-breadcrumbs-separator\"><i class=\"far fa-angle-right\"><\/i><\/div><div class=\"g-breadcrumbs-item\">Seiten<\/div><\/nav><\/div><\/div><\/div><\/div><\/section><section class=\"l-section wpb_row height_medium\"><div class=\"l-section-h i-cf\"><div class=\"g-cols vc_row via_grid cols_1 laptops-cols_inherit tablets-cols_inherit mobiles-cols_1 valign_top type_default stacking_default\"><div class=\"wpb_column vc_column_container\"><div class=\"vc_column-inner\"><div class=\"wpb_text_column\"><div class=\"wpb_wrapper\"><h1>Idro See und Kultur<\/h1>\n<\/div><\/div><div class=\"wpb_text_column\"><div class=\"wpb_wrapper\"><h2>Mittelalterliche D\u00f6rfer, Kirchen und milit\u00e4rische Festungen<\/h2>\n<\/div><\/div><div class=\"w-separator size_small with_line width_30 thick_2 style_solid color_border align_left\"><div class=\"w-separator-h\"><\/div><\/div><div class=\"wpb_text_column\"><div class=\"wpb_wrapper\"><p>Der Idrosee findet seinen kulturellen Ausdruck in seinen mittelalterlichen D\u00f6rfern, Kirchen und Milit\u00e4rfestungen. Die D\u00f6rfer rund um den Idrosee, einst Fischerd\u00f6rfer, haben sich ihre historische Sch\u00f6nheit mit engen, verzweigten Gassen, Vorbauten und H\u00f6fen bewahrt. Besonders charakteristisch sind in dieser Hinsicht die D\u00f6rfer Anfo, Lemprato und Crone. In Lemprato wurden 1980 die \u00dcberreste eines antiken retoromanischen Dorfes im sogenannten &#8222;Castello antico&#8220; gefunden, ebenso wie r\u00f6mische Grabsteine am Seeufer, die heute in der alten Kirche Santa Maria ad Undas in Pieve Vecchia aus dem Jahr 1200 erhalten sind.<\/p>\n<p>In Ponte Caffaro hingegen ist das Dorf San Giacomo aus dem 9. Jahrhundert einen Besuch wert. Die Kirche von San Giacomo, damals ein Wallfahrtsort, wurde von Benediktinerm\u00f6nchen betrieben, die den Einheimischen beibrachten, wie man Landwirtschaft betreibt und den sumpfigen Pian d&#8217;Oneda urbar macht. Wundersch\u00f6n ist auch die Pfarrkirche von Bagolino, die Kirche San Giorgio aus dem Jahr 1600, die mit ihrer gewaltigen Gr\u00f6\u00dfe das historische Zentrum von Bagolino \u00fcberragt. In ihrem Inneren sind Werke von gro\u00dfen K\u00fcnstlern wie Tizian und Tintoretto zu bewundern. Bagolino ist ein Bergdorf von seltener Sch\u00f6nheit mittelalterlichen Ursprungs mit sehr hohen, aneinander gelehnten H\u00e4usern, mit Laubeng\u00e4ngen, Treppen, Unterf\u00fchrungen, Wandfresken, h\u00f6lzernen Dachb\u00f6den, Gassen aus Kopfsteinpflaster und Porphyr, ein sch\u00f6ner Ausdruck mittelalterlicher Architektur.<\/p>\n<p>Aus kultureller Sicht ist das Prunkst\u00fcck des Idrosees sicherlich die Rocca d&#8217;Anfo, eine milit\u00e4rische Festung, die im 15. Jahrhundert von der Republik Venedig erbaut und 1800 w\u00e4hrend der franz\u00f6sischen Besatzung auf ausdr\u00fccklichen Wunsch von Napoleon Bonaparte renoviert wurde und Giuseppe Garibaldi w\u00e4hrend der Schlacht am Monte Suello 1866 als Hauptquartier diente. Auch entlang der Provinzstra\u00dfe, die von S. Antonio nach Bagolino hinauff\u00fchrt, finden sich Zeugnisse der Schlacht. Dort wurde das Beinhaus errichtet, um die sterblichen \u00dcberreste von Garibaldis Soldaten zu bewahren, die w\u00e4hrend der Schlacht gefallen sind.\u00a0Dort befindet sich auch ein Gedenkstein, der an Garibaldis Oberschenkelwunde erinnert.\u00a0Von der Rocca d&#8217;Anfo aus kann man die venezianischen und napoleonischen Batterien, die alte venezianische Treppe mit 600 Granitstufen, die langen, in den Felsen gegrabenen Tunnel und das Observatorium bewundern, das sich im h\u00f6chsten Teil befindet und ein echtes Juwel der napoleonischen Milit\u00e4rarchitektur ist.<\/p>\n<\/div><\/div><\/div><\/div><\/div><\/div><\/section><section class=\"l-section wpb_row height_medium\"><div class=\"l-section-h i-cf\"><div class=\"g-cols vc_row via_grid cols_1 laptops-cols_inherit tablets-cols_inherit mobiles-cols_1 valign_top type_default stacking_default\"><div class=\"wpb_column vc_column_container\"><div class=\"vc_column-inner\"><div class=\"w-grid type_carousel layout_74 open_items_in_popup items_3\" id=\"us_grid_1\" style=\"--items:3;--gap:0.3rem;\"><style>.layout_74 .w-grid-item-h{}.layout_74 .usg_post_image_1{transition-duration:0.3s;transform-origin:50% 50%;transform:scale(1) translate(0%,0%);opacity:0.8}.layout_74 .w-grid-item-h:focus-within .usg_post_image_1,.layout_74 .w-grid-item-h:hover .usg_post_image_1{transform:scale(1) translate(0%,0%);opacity:1;background:var(--color-header-middle-bg-grad,var(--color-header-middle-bg) )!important}.layout_74 .usg_post_image_1{background:var(--color-header-middle-bg-grad,var(--color-header-middle-bg) )!important}<\/style><div class=\"w-grid-list owl-carousel valign_stretch dotstyle_circle navstyle_circle navpos_outside owl-responsive-2000 with_arrows\" style=\"--transition-duration:350ms;--arrows-size:1.5rem;\">\t<article class=\"w-grid-item post-1314 attachment type-attachment status-inherit hentry\" data-id=\"1314\">\r\n\t\t<div class=\"w-grid-item-h\">\r\n\t\t\t\t\t\t<div class=\"w-post-elm post_image usg_post_image_1 has_ratio\"><a ref=\"magnificPopup\" href=\"https:\/\/lagodidro.it\/wp-content\/uploads\/2023\/04\/cultura-0.jpg\" aria-label=\"cultura-0\"><img loading=\"lazy\" decoding=\"async\" width=\"1150\" height=\"645\" src=\"https:\/\/lagodidro.it\/wp-content\/uploads\/2023\/04\/cultura-0.jpg\" class=\"attachment-full size-full\" alt=\"\" \/><\/a><div style=\"padding-bottom:75%\"><\/div><\/div>\t\t<\/div>\r\n\t\t\t<\/article>\r\n\t<article class=\"w-grid-item post-1311 attachment type-attachment status-inherit hentry\" data-id=\"1311\">\r\n\t\t<div class=\"w-grid-item-h\">\r\n\t\t\t\t\t\t<div class=\"w-post-elm post_image usg_post_image_1 has_ratio\"><a ref=\"magnificPopup\" href=\"https:\/\/lagodidro.it\/wp-content\/uploads\/2023\/04\/cultura_8.jpg\" aria-label=\"cultura_8\"><img loading=\"lazy\" decoding=\"async\" width=\"1150\" height=\"645\" src=\"https:\/\/lagodidro.it\/wp-content\/uploads\/2023\/04\/cultura_8.jpg\" class=\"attachment-full size-full\" alt=\"\" \/><\/a><div style=\"padding-bottom:75%\"><\/div><\/div>\t\t<\/div>\r\n\t\t\t<\/article>\r\n\t<article class=\"w-grid-item post-1308 attachment type-attachment status-inherit hentry\" data-id=\"1308\">\r\n\t\t<div class=\"w-grid-item-h\">\r\n\t\t\t\t\t\t<div class=\"w-post-elm post_image usg_post_image_1 has_ratio\"><a ref=\"magnificPopup\" href=\"https:\/\/lagodidro.it\/wp-content\/uploads\/2023\/04\/cultura_7.jpg\" aria-label=\"cultura_7\"><img loading=\"lazy\" decoding=\"async\" width=\"1150\" height=\"645\" src=\"https:\/\/lagodidro.it\/wp-content\/uploads\/2023\/04\/cultura_7.jpg\" class=\"attachment-full size-full\" alt=\"\" \/><\/a><div style=\"padding-bottom:75%\"><\/div><\/div>\t\t<\/div>\r\n\t\t\t<\/article>\r\n\t<article class=\"w-grid-item post-1305 attachment type-attachment status-inherit hentry\" data-id=\"1305\">\r\n\t\t<div class=\"w-grid-item-h\">\r\n\t\t\t\t\t\t<div class=\"w-post-elm post_image usg_post_image_1 has_ratio\"><a ref=\"magnificPopup\" href=\"https:\/\/lagodidro.it\/wp-content\/uploads\/2023\/04\/cultura_6.jpg\" aria-label=\"cultura_6\"><img loading=\"lazy\" decoding=\"async\" width=\"1150\" height=\"645\" src=\"https:\/\/lagodidro.it\/wp-content\/uploads\/2023\/04\/cultura_6.jpg\" class=\"attachment-full size-full\" alt=\"\" \/><\/a><div style=\"padding-bottom:75%\"><\/div><\/div>\t\t<\/div>\r\n\t\t\t<\/article>\r\n\t<article class=\"w-grid-item post-1302 attachment type-attachment status-inherit hentry\" data-id=\"1302\">\r\n\t\t<div class=\"w-grid-item-h\">\r\n\t\t\t\t\t\t<div class=\"w-post-elm post_image usg_post_image_1 has_ratio\"><a ref=\"magnificPopup\" href=\"https:\/\/lagodidro.it\/wp-content\/uploads\/2023\/04\/cultura_5.jpg\" aria-label=\"cultura_5\"><img loading=\"lazy\" decoding=\"async\" width=\"1150\" height=\"645\" src=\"https:\/\/lagodidro.it\/wp-content\/uploads\/2023\/04\/cultura_5.jpg\" class=\"attachment-full size-full\" alt=\"\" \/><\/a><div style=\"padding-bottom:75%\"><\/div><\/div>\t\t<\/div>\r\n\t\t\t<\/article>\r\n\t<article class=\"w-grid-item post-1299 attachment type-attachment status-inherit hentry\" data-id=\"1299\">\r\n\t\t<div class=\"w-grid-item-h\">\r\n\t\t\t\t\t\t<div class=\"w-post-elm post_image usg_post_image_1 has_ratio\"><a ref=\"magnificPopup\" href=\"https:\/\/lagodidro.it\/wp-content\/uploads\/2023\/04\/cultura_4.jpg\" aria-label=\"cultura_4\"><img loading=\"lazy\" decoding=\"async\" width=\"1150\" height=\"645\" src=\"https:\/\/lagodidro.it\/wp-content\/uploads\/2023\/04\/cultura_4.jpg\" class=\"attachment-full size-full\" alt=\"\" \/><\/a><div style=\"padding-bottom:75%\"><\/div><\/div>\t\t<\/div>\r\n\t\t\t<\/article>\r\n\t<article class=\"w-grid-item post-1296 attachment type-attachment status-inherit hentry\" data-id=\"1296\">\r\n\t\t<div class=\"w-grid-item-h\">\r\n\t\t\t\t\t\t<div class=\"w-post-elm post_image usg_post_image_1 has_ratio\"><a ref=\"magnificPopup\" href=\"https:\/\/lagodidro.it\/wp-content\/uploads\/2023\/04\/cultura_3.jpg\" aria-label=\"cultura_3\"><img loading=\"lazy\" decoding=\"async\" width=\"1150\" height=\"645\" src=\"https:\/\/lagodidro.it\/wp-content\/uploads\/2023\/04\/cultura_3.jpg\" class=\"attachment-full size-full\" alt=\"\" \/><\/a><div style=\"padding-bottom:75%\"><\/div><\/div>\t\t<\/div>\r\n\t\t\t<\/article>\r\n\t<article class=\"w-grid-item post-1293 attachment type-attachment status-inherit hentry\" data-id=\"1293\">\r\n\t\t<div class=\"w-grid-item-h\">\r\n\t\t\t\t\t\t<div class=\"w-post-elm post_image usg_post_image_1 has_ratio\"><a ref=\"magnificPopup\" href=\"https:\/\/lagodidro.it\/wp-content\/uploads\/2023\/04\/cultura_2.jpg\" aria-label=\"cultura_2\"><img loading=\"lazy\" decoding=\"async\" width=\"1150\" height=\"645\" src=\"https:\/\/lagodidro.it\/wp-content\/uploads\/2023\/04\/cultura_2.jpg\" class=\"attachment-full size-full\" alt=\"\" \/><\/a><div style=\"padding-bottom:75%\"><\/div><\/div>\t\t<\/div>\r\n\t\t\t<\/article>\r\n\t<article class=\"w-grid-item post-1290 attachment type-attachment status-inherit hentry\" data-id=\"1290\">\r\n\t\t<div class=\"w-grid-item-h\">\r\n\t\t\t\t\t\t<div class=\"w-post-elm post_image usg_post_image_1 has_ratio\"><a ref=\"magnificPopup\" href=\"https:\/\/lagodidro.it\/wp-content\/uploads\/2023\/04\/cultura_1.jpg\" aria-label=\"cultura_1\"><img loading=\"lazy\" decoding=\"async\" width=\"1150\" height=\"645\" src=\"https:\/\/lagodidro.it\/wp-content\/uploads\/2023\/04\/cultura_1.jpg\" class=\"attachment-full size-full\" alt=\"\" \/><\/a><div style=\"padding-bottom:75%\"><\/div><\/div>\t\t<\/div>\r\n\t\t\t<\/article>\r\n<\/div>\t<div class=\"g-preloader type_custom\">\r\n\t\t<div><img loading=\"lazy\" decoding=\"async\" width=\"300\" height=\"158\" src=\"https:\/\/lagodidro.it\/wp-content\/uploads\/2023\/03\/logo-lagodidro-home-300x158.png\" class=\"attachment-medium size-medium\" alt=\"\" srcset=\"https:\/\/lagodidro.it\/wp-content\/uploads\/2023\/03\/logo-lagodidro-home-300x158.png 300w, https:\/\/lagodidro.it\/wp-content\/uploads\/2023\/03\/logo-lagodidro-home.png 429w\" sizes=\"auto, (max-width: 300px) 100vw, 300px\" \/><\/div>\r\n\t<\/div>\r\n\t\t<div class=\"w-grid-json hidden\" onclick='return {&quot;action&quot;:&quot;us_ajax_grid&quot;,&quot;infinite_scroll&quot;:0,&quot;max_num_pages&quot;:1,&quot;pagination&quot;:&quot;none&quot;,&quot;template_vars&quot;:{&quot;columns&quot;:&quot;&quot;,&quot;exclude_items&quot;:&quot;none&quot;,&quot;img_size&quot;:&quot;default&quot;,&quot;ignore_items_size&quot;:0,&quot;items_layout&quot;:&quot;74&quot;,&quot;items_offset&quot;:&quot;0px&quot;,&quot;load_animation&quot;:&quot;none&quot;,&quot;overriding_link&quot;:&quot;popup_post_image&quot;,&quot;post_id&quot;:0,&quot;query_args&quot;:{&quot;post_type&quot;:[&quot;attachment&quot;],&quot;post__in&quot;:[&quot;444&quot;,&quot;445&quot;,&quot;446&quot;,&quot;447&quot;,&quot;448&quot;,&quot;449&quot;,&quot;450&quot;,&quot;451&quot;,&quot;452&quot;],&quot;post_status&quot;:&quot;inherit&quot;,&quot;post_mime_type&quot;:&quot;image&quot;,&quot;posts_per_page&quot;:&quot;50&quot;},&quot;orderby_query_args&quot;:{&quot;orderby&quot;:{&quot;date&quot;:&quot;DESC&quot;}},&quot;type&quot;:&quot;carousel&quot;,&quot;us_grid_post_type&quot;:&quot;attachment&quot;,&quot;us_grid_ajax_index&quot;:1,&quot;us_grid_filter_query_string&quot;:null,&quot;us_grid_index&quot;:1,&quot;page_args&quot;:[],&quot;lang&quot;:&quot;de&quot;},&quot;carousel_settings&quot;:{&quot;aria_labels&quot;:{&quot;prev&quot;:&quot;Zur\\u00fcck&quot;,&quot;next&quot;:&quot;Weiter&quot;},&quot;autoplayContinual&quot;:false,&quot;autoplayHoverPause&quot;:false,&quot;autoplayTimeout&quot;:3000,&quot;autoWidth&quot;:false,&quot;smartSpeed&quot;:350,&quot;margin&quot;:0,&quot;mouseDrag&quot;:true,&quot;rtl&quot;:false,&quot;slideBy&quot;:&quot;1&quot;,&quot;touchDrag&quot;:true,&quot;slideTransition&quot;:&quot;&quot;,&quot;responsive&quot;:{&quot;0&quot;:{&quot;autoHeight&quot;:false,&quot;autoplay&quot;:true,&quot;autoWidth&quot;:false,&quot;center&quot;:false,&quot;dots&quot;:false,&quot;items&quot;:1,&quot;loop&quot;:true,&quot;nav&quot;:false,&quot;stagePadding&quot;:0,&quot;slideBy&quot;:&quot;1&quot;},&quot;601&quot;:{&quot;autoHeight&quot;:false,&quot;autoplay&quot;:true,&quot;autoWidth&quot;:false,&quot;center&quot;:false,&quot;dots&quot;:false,&quot;items&quot;:2,&quot;loop&quot;:true,&quot;nav&quot;:true,&quot;stagePadding&quot;:0,&quot;slideBy&quot;:&quot;1&quot;},&quot;1025&quot;:{&quot;autoHeight&quot;:false,&quot;autoplay&quot;:true,&quot;autoWidth&quot;:false,&quot;center&quot;:false,&quot;dots&quot;:false,&quot;items&quot;:3,&quot;loop&quot;:true,&quot;nav&quot;:true,&quot;stagePadding&quot;:0,&quot;slideBy&quot;:&quot;1&quot;},&quot;1381&quot;:{&quot;items&quot;:3,&quot;autoplay&quot;:false,&quot;center&quot;:false,&quot;dots&quot;:false,&quot;nav&quot;:true,&quot;autoHeight&quot;:false,&quot;autoWidth&quot;:false,&quot;loop&quot;:true,&quot;stagePadding&quot;:0}}}}'><\/div>\r\n\t<div class=\"l-popup\">\r\n\t<div class=\"l-popup-overlay\"><\/div>\r\n\t<div class=\"l-popup-wrap\">\r\n\t\t<div class=\"l-popup-box\">\r\n\t\t\t<div class=\"l-popup-box-content\">\r\n\t\t\t\t<div class=\"g-preloader type_custom\">\r\n\t\t\t\t\t<div><img loading=\"lazy\" decoding=\"async\" width=\"300\" height=\"158\" src=\"https:\/\/lagodidro.it\/wp-content\/uploads\/2023\/03\/logo-lagodidro-home-300x158.png\" class=\"attachment-medium size-medium\" alt=\"\" srcset=\"https:\/\/lagodidro.it\/wp-content\/uploads\/2023\/03\/logo-lagodidro-home-300x158.png 300w, https:\/\/lagodidro.it\/wp-content\/uploads\/2023\/03\/logo-lagodidro-home.png 429w\" sizes=\"auto, (max-width: 300px) 100vw, 300px\" \/><\/div>\r\n\t\t\t\t<\/div>\r\n\t\t\t\t<iframe class=\"l-popup-box-content-frame\" allowfullscreen><\/iframe>\r\n\t\t\t<\/div>\r\n\t\t<\/div>\r\n\t\t\t\t\t<div class=\"l-popup-arrow to_next hidden\" title=\"Weiter\"><\/div>\r\n\t\t\t<div class=\"l-popup-arrow to_prev hidden\" title=\"Zur\u00fcck\"><\/div>\r\n\t\t\t\t<div class=\"l-popup-closer\"><\/div>\r\n\t<\/div>\r\n<\/div>\r\n<\/div><\/div><\/div><\/div><\/div><\/section>\n","protected":false},"excerpt":{"rendered":"","protected":false},"author":1,"featured_media":1314,"parent":1654,"menu_order":0,"comment_status":"closed","ping_status":"closed","template":"","meta":{"_acf_changed":false,"inline_featured_image":false,"footnotes":""},"class_list":["post-1662","page","type-page","status-publish","has-post-thumbnail","hentry"],"acf":[],"yoast_head":"<!-- This site is optimized with the Yoast SEO plugin v27.5 - https:\/\/yoast.com\/product\/yoast-seo-wordpress\/ -->\n<title>Kultur - Consorzio Operatori Turistici del Lago d&#039;Idro<\/title>\n<meta name=\"description\" content=\"Der Idrosee findet seinen kulturellen Ausdruck in seinen mittelalterlichen D\u00f6rfern, Kirchen und Milit\u00e4rfestungen.\" \/>\n<meta name=\"robots\" content=\"index, follow, max-snippet:-1, max-image-preview:large, max-video-preview:-1\" \/>\n<link rel=\"canonical\" href=\"https:\/\/lagodidro.it\/attivita\/cultura\/\" \/>\n<meta property=\"og:locale\" content=\"de_DE\" \/>\n<meta property=\"og:type\" content=\"article\" \/>\n<meta property=\"og:title\" content=\"Kultur - Consorzio Operatori Turistici del Lago d&#039;Idro\" \/>\n<meta property=\"og:description\" content=\"Der Idrosee findet seinen kulturellen Ausdruck in seinen mittelalterlichen D\u00f6rfern, Kirchen und Milit\u00e4rfestungen.\" \/>\n<meta property=\"og:url\" content=\"https:\/\/lagodidro.it\/attivita\/cultura\/\" \/>\n<meta property=\"og:site_name\" content=\"Consorzio Operatori Turistici del Lago d&#039;Idro\" \/>\n<meta property=\"article:modified_time\" content=\"2023-05-01T13:53:41+00:00\" \/>\n<meta property=\"og:image\" content=\"https:\/\/lagodidro.it\/wp-content\/uploads\/2023\/04\/cultura-0.jpg\" \/>\n\t<meta property=\"og:image:width\" content=\"1150\" \/>\n\t<meta property=\"og:image:height\" content=\"645\" \/>\n\t<meta property=\"og:image:type\" content=\"image\/jpeg\" \/>\n<meta name=\"twitter:card\" content=\"summary_large_image\" \/>\n<meta name=\"twitter:label1\" content=\"Gesch\u00e4tzte Lesezeit\" \/>\n\t<meta name=\"twitter:data1\" content=\"3\u00a0Minuten\" \/>\n<script type=\"application\/ld+json\" class=\"yoast-schema-graph\">{\"@context\":\"https:\\\/\\\/schema.org\",\"@graph\":[{\"@type\":\"WebPage\",\"@id\":\"https:\\\/\\\/lagodidro.it\\\/attivita\\\/cultura\\\/\",\"url\":\"https:\\\/\\\/lagodidro.it\\\/attivita\\\/cultura\\\/\",\"name\":\"Kultur - Consorzio Operatori Turistici del Lago d&#039;Idro\",\"isPartOf\":{\"@id\":\"https:\\\/\\\/lagodidro.it\\\/#website\"},\"primaryImageOfPage\":{\"@id\":\"https:\\\/\\\/lagodidro.it\\\/attivita\\\/cultura\\\/#primaryimage\"},\"image\":{\"@id\":\"https:\\\/\\\/lagodidro.it\\\/attivita\\\/cultura\\\/#primaryimage\"},\"thumbnailUrl\":\"https:\\\/\\\/lagodidro.it\\\/wp-content\\\/uploads\\\/2023\\\/04\\\/cultura-0.jpg\",\"datePublished\":\"2023-04-12T08:10:24+00:00\",\"dateModified\":\"2023-05-01T13:53:41+00:00\",\"description\":\"Der Idrosee findet seinen kulturellen Ausdruck in seinen mittelalterlichen D\u00f6rfern, Kirchen und Milit\u00e4rfestungen.\",\"breadcrumb\":{\"@id\":\"https:\\\/\\\/lagodidro.it\\\/attivita\\\/cultura\\\/#breadcrumb\"},\"inLanguage\":\"de\",\"potentialAction\":[{\"@type\":\"ReadAction\",\"target\":[\"https:\\\/\\\/lagodidro.it\\\/attivita\\\/cultura\\\/\"]}]},{\"@type\":\"ImageObject\",\"inLanguage\":\"de\",\"@id\":\"https:\\\/\\\/lagodidro.it\\\/attivita\\\/cultura\\\/#primaryimage\",\"url\":\"https:\\\/\\\/lagodidro.it\\\/wp-content\\\/uploads\\\/2023\\\/04\\\/cultura-0.jpg\",\"contentUrl\":\"https:\\\/\\\/lagodidro.it\\\/wp-content\\\/uploads\\\/2023\\\/04\\\/cultura-0.jpg\",\"width\":1150,\"height\":645},{\"@type\":\"BreadcrumbList\",\"@id\":\"https:\\\/\\\/lagodidro.it\\\/attivita\\\/cultura\\\/#breadcrumb\",\"itemListElement\":[{\"@type\":\"ListItem\",\"position\":1,\"name\":\"Home\",\"item\":\"https:\\\/\\\/lagodidro.it\\\/de\\\/\"},{\"@type\":\"ListItem\",\"position\":2,\"name\":\"Aktivit\u00e4ten\",\"item\":\"https:\\\/\\\/lagodidro.it\\\/attivita\\\/\"},{\"@type\":\"ListItem\",\"position\":3,\"name\":\"Kultur\"}]},{\"@type\":\"WebSite\",\"@id\":\"https:\\\/\\\/lagodidro.it\\\/#website\",\"url\":\"https:\\\/\\\/lagodidro.it\\\/\",\"name\":\"Consorzio Operatori Turistici del Lago d&#039;Idro\",\"description\":\"Consorzio Operatori Turistici del Lago d&#039;Idro\",\"potentialAction\":[{\"@type\":\"SearchAction\",\"target\":{\"@type\":\"EntryPoint\",\"urlTemplate\":\"https:\\\/\\\/lagodidro.it\\\/?s={search_term_string}\"},\"query-input\":{\"@type\":\"PropertyValueSpecification\",\"valueRequired\":true,\"valueName\":\"search_term_string\"}}],\"inLanguage\":\"de\"}]}<\/script>\n<!-- \/ Yoast SEO plugin. -->","yoast_head_json":{"title":"Kultur - Consorzio Operatori Turistici del Lago d&#039;Idro","description":"Der Idrosee findet seinen kulturellen Ausdruck in seinen mittelalterlichen D\u00f6rfern, Kirchen und Milit\u00e4rfestungen.","robots":{"index":"index","follow":"follow","max-snippet":"max-snippet:-1","max-image-preview":"max-image-preview:large","max-video-preview":"max-video-preview:-1"},"canonical":"https:\/\/lagodidro.it\/attivita\/cultura\/","og_locale":"de_DE","og_type":"article","og_title":"Kultur - Consorzio Operatori Turistici del Lago d&#039;Idro","og_description":"Der Idrosee findet seinen kulturellen Ausdruck in seinen mittelalterlichen D\u00f6rfern, Kirchen und Milit\u00e4rfestungen.","og_url":"https:\/\/lagodidro.it\/attivita\/cultura\/","og_site_name":"Consorzio Operatori Turistici del Lago d&#039;Idro","article_modified_time":"2023-05-01T13:53:41+00:00","og_image":[{"width":1150,"height":645,"url":"https:\/\/lagodidro.it\/wp-content\/uploads\/2023\/04\/cultura-0.jpg","type":"image\/jpeg"}],"twitter_card":"summary_large_image","twitter_misc":{"Gesch\u00e4tzte Lesezeit":"3\u00a0Minuten"},"schema":{"@context":"https:\/\/schema.org","@graph":[{"@type":"WebPage","@id":"https:\/\/lagodidro.it\/attivita\/cultura\/","url":"https:\/\/lagodidro.it\/attivita\/cultura\/","name":"Kultur - Consorzio Operatori Turistici del Lago d&#039;Idro","isPartOf":{"@id":"https:\/\/lagodidro.it\/#website"},"primaryImageOfPage":{"@id":"https:\/\/lagodidro.it\/attivita\/cultura\/#primaryimage"},"image":{"@id":"https:\/\/lagodidro.it\/attivita\/cultura\/#primaryimage"},"thumbnailUrl":"https:\/\/lagodidro.it\/wp-content\/uploads\/2023\/04\/cultura-0.jpg","datePublished":"2023-04-12T08:10:24+00:00","dateModified":"2023-05-01T13:53:41+00:00","description":"Der Idrosee findet seinen kulturellen Ausdruck in seinen mittelalterlichen D\u00f6rfern, Kirchen und Milit\u00e4rfestungen.","breadcrumb":{"@id":"https:\/\/lagodidro.it\/attivita\/cultura\/#breadcrumb"},"inLanguage":"de","potentialAction":[{"@type":"ReadAction","target":["https:\/\/lagodidro.it\/attivita\/cultura\/"]}]},{"@type":"ImageObject","inLanguage":"de","@id":"https:\/\/lagodidro.it\/attivita\/cultura\/#primaryimage","url":"https:\/\/lagodidro.it\/wp-content\/uploads\/2023\/04\/cultura-0.jpg","contentUrl":"https:\/\/lagodidro.it\/wp-content\/uploads\/2023\/04\/cultura-0.jpg","width":1150,"height":645},{"@type":"BreadcrumbList","@id":"https:\/\/lagodidro.it\/attivita\/cultura\/#breadcrumb","itemListElement":[{"@type":"ListItem","position":1,"name":"Home","item":"https:\/\/lagodidro.it\/de\/"},{"@type":"ListItem","position":2,"name":"Aktivit\u00e4ten","item":"https:\/\/lagodidro.it\/attivita\/"},{"@type":"ListItem","position":3,"name":"Kultur"}]},{"@type":"WebSite","@id":"https:\/\/lagodidro.it\/#website","url":"https:\/\/lagodidro.it\/","name":"Consorzio Operatori Turistici del Lago d&#039;Idro","description":"Consorzio Operatori Turistici del Lago d&#039;Idro","potentialAction":[{"@type":"SearchAction","target":{"@type":"EntryPoint","urlTemplate":"https:\/\/lagodidro.it\/?s={search_term_string}"},"query-input":{"@type":"PropertyValueSpecification","valueRequired":true,"valueName":"search_term_string"}}],"inLanguage":"de"}]}},"_links":{"self":[{"href":"https:\/\/lagodidro.it\/de\/wp-json\/wp\/v2\/pages\/1662","targetHints":{"allow":["GET"]}}],"collection":[{"href":"https:\/\/lagodidro.it\/de\/wp-json\/wp\/v2\/pages"}],"about":[{"href":"https:\/\/lagodidro.it\/de\/wp-json\/wp\/v2\/types\/page"}],"author":[{"embeddable":true,"href":"https:\/\/lagodidro.it\/de\/wp-json\/wp\/v2\/users\/1"}],"replies":[{"embeddable":true,"href":"https:\/\/lagodidro.it\/de\/wp-json\/wp\/v2\/comments?post=1662"}],"version-history":[{"count":3,"href":"https:\/\/lagodidro.it\/de\/wp-json\/wp\/v2\/pages\/1662\/revisions"}],"predecessor-version":[{"id":1665,"href":"https:\/\/lagodidro.it\/de\/wp-json\/wp\/v2\/pages\/1662\/revisions\/1665"}],"up":[{"embeddable":true,"href":"https:\/\/lagodidro.it\/de\/wp-json\/wp\/v2\/pages\/1654"}],"wp:featuredmedia":[{"embeddable":true,"href":"https:\/\/lagodidro.it\/de\/wp-json\/wp\/v2\/media\/1314"}],"wp:attachment":[{"href":"https:\/\/lagodidro.it\/de\/wp-json\/wp\/v2\/media?parent=1662"}],"curies":[{"name":"wp","href":"https:\/\/api.w.org\/{rel}","templated":true}]}}