{"id":1696,"date":"2023-04-12T10:14:04","date_gmt":"2023-04-12T08:14:04","guid":{"rendered":"https:\/\/lagodidro.it\/aktivitaeten\/gastronomy\/"},"modified":"2023-05-01T16:49:53","modified_gmt":"2023-05-01T14:49:53","slug":"gastronomie","status":"publish","type":"page","link":"https:\/\/lagodidro.it\/de\/aktivitaeten\/gastronomie\/","title":{"rendered":"Gastronomie"},"content":{"rendered":"<section class=\"l-section wpb_row height_large full_height valign_bottom with_img with_shape\"><div class=\"l-section-img\" role=\"img\" aria-label=\"Bild\" data-img-width=\"1920\" data-img-height=\"2560\" style=\"background-image: url(https:\/\/lagodidro.it\/wp-content\/uploads\/2023\/05\/3D7BE602-6A1C-4A6C-AFEB-A030F234D213_1_201_a-scaled.jpeg);background-repeat: no-repeat;\"><\/div><div class=\"l-section-shape type_wave pos_bottom\" style=\"height:10vmin;\"><svg xmlns=\"http:\/\/www.w3.org\/2000\/svg\" viewBox=\"0 4 64 4\" preserveAspectRatio=\"none\" width=\"100%\" height=\"100%\">\r\n\t<path fill=\"currentColor\" d=\"M64 6 C32 0 32 12 0 6 L0 8 L64 8 Z\"\/>\r\n<\/svg><\/div><div class=\"l-section-h i-cf\"><div class=\"g-cols vc_row via_grid cols_1 laptops-cols_inherit tablets-cols_inherit mobiles-cols_1 valign_top type_default stacking_default\"><div class=\"wpb_column vc_column_container\"><div class=\"vc_column-inner\"><nav class=\"g-breadcrumbs us_custom_9fc592ca has_text_color separator_icon align_none\" itemscope itemtype=\"http:\/\/schema.org\/BreadcrumbList\"><div class=\"g-breadcrumbs-item\" itemscope itemprop=\"itemListElement\" itemtype=\"http:\/\/schema.org\/ListItem\"><a itemprop=\"item\" href=\"https:\/\/lagodidro.it\/de\/\"><span itemprop=\"name\">Start<\/span><\/a><meta itemprop=\"position\" content=\"1\"\/><\/div><div class=\"g-breadcrumbs-separator\"><i class=\"far fa-angle-right\"><\/i><\/div><div class=\"g-breadcrumbs-item\">Seiten<\/div><\/nav><\/div><\/div><\/div><\/div><\/section><section class=\"l-section wpb_row height_medium\"><div class=\"l-section-h i-cf\"><div class=\"g-cols vc_row via_grid cols_1 laptops-cols_inherit tablets-cols_inherit mobiles-cols_1 valign_top type_default stacking_default\"><div class=\"wpb_column vc_column_container\"><div class=\"vc_column-inner\"><div class=\"wpb_text_column\"><div class=\"wpb_wrapper\"><h1>Gastronomische Eigenschaften des Idrosees<\/h1>\n<\/div><\/div><div class=\"wpb_text_column\"><div class=\"wpb_wrapper\"><h2>Trattorie, typische Restaurants und lokale Produkte<\/h2>\n<\/div><\/div><div class=\"w-separator size_small with_line width_30 thick_2 style_solid color_border align_left\"><div class=\"w-separator-h\"><\/div><\/div><div class=\"wpb_text_column\"><div class=\"wpb_wrapper\"><p>Der Idrosee ist auch Tradition und Gastronomie mit Trattorien, typischen Restaurants und lokalen Produkten wie Salami, K\u00e4se, Fisch und Wild aus dem See und Fluss. F\u00fcr Liebhaber der guten lokalen K\u00fcche wird ein Aufenthalt am Idrosee unvergesslich sein.<\/p>\n<p>Die Besitzer der Unterk\u00fcnfte wissen, wie sie ihren G\u00e4sten die beliebtesten Trattorien der Gegend empfehlen k\u00f6nnen. Es handelt sich dabei um familiengef\u00fchrte Betriebe, in denen vom Enkel bis zur Gro\u00dfmutter jeder sein Bestes gibt, um sicherzustellen, dass die Mahlzeit zu einer einzigartigen und unwiederholbaren Gelegenheit wird, echte und einfache lokale Gastfreundschaft zu erleben, umgeben von einer Atmosph\u00e4re der Geselligkeit und des sorglosen Service. All das wird logischerweise von einer traditionellen K\u00fcche begleitet, die selbst die anspruchsvollsten Gaumen zufriedenstellt.<\/p>\n<p>Zu den typischen Gerichten geh\u00f6ren &#8222;malfatti&#8220;, Nudeln mit Bagoss- oder Salm\u00ec-Saucen, der &#8222;spiedo bresciano&#8220;, gegrillte Salamis, gegrilltes Fleisch, Wildeint\u00f6pfe, gebratene Fisch- und Barschfilets, gegrillte Forelle oder &#8222;alla mugnaia&#8220;, Polenta mit Storo-Mehl und der ber\u00fchmte und exquisite Bagoss-K\u00e4se, begleitet von den ausgezeichneten Weinen aus den nahe gelegenen renommierten Weinregionen Trentino, Garda und Franciacorta.<\/p>\n<\/div><\/div><\/div><\/div><\/div><\/div><\/section><section class=\"l-section wpb_row height_medium\"><div class=\"l-section-h i-cf\"><div class=\"g-cols vc_row via_grid cols_1 laptops-cols_inherit tablets-cols_inherit mobiles-cols_1 valign_top type_default stacking_default\"><div class=\"wpb_column vc_column_container\"><div class=\"vc_column-inner\"><div class=\"w-grid type_carousel layout_74 open_items_in_popup items_3\" id=\"us_grid_1\" style=\"--items:3;--gap:0.3rem;\"><style>.layout_74 .w-grid-item-h{}.layout_74 .usg_post_image_1{transition-duration:0.3s;transform-origin:50% 50%;transform:scale(1) translate(0%,0%);opacity:0.8}.layout_74 .w-grid-item-h:focus-within .usg_post_image_1,.layout_74 .w-grid-item-h:hover .usg_post_image_1{transform:scale(1) translate(0%,0%);opacity:1;background:var(--color-header-middle-bg-grad,var(--color-header-middle-bg) )!important}.layout_74 .usg_post_image_1{background:var(--color-header-middle-bg-grad,var(--color-header-middle-bg) )!important}<\/style><div class=\"w-grid-list owl-carousel valign_stretch dotstyle_circle navstyle_circle navpos_outside owl-responsive-2000 with_arrows\" style=\"--transition-duration:350ms;--arrows-size:1.5rem;\">\t<article class=\"w-grid-item post-1374 attachment type-attachment status-inherit hentry\" data-id=\"1374\">\r\n\t\t<div class=\"w-grid-item-h\">\r\n\t\t\t\t\t\t<div class=\"w-post-elm post_image usg_post_image_1 has_ratio\"><a ref=\"magnificPopup\" href=\"https:\/\/lagodidro.it\/wp-content\/uploads\/2023\/04\/gastronomia_9.jpg\" aria-label=\"gastronomia_9\"><img loading=\"lazy\" decoding=\"async\" width=\"1150\" height=\"645\" src=\"https:\/\/lagodidro.it\/wp-content\/uploads\/2023\/04\/gastronomia_9.jpg\" class=\"attachment-full size-full\" alt=\"\" \/><\/a><div style=\"padding-bottom:75%\"><\/div><\/div>\t\t<\/div>\r\n\t\t\t<\/article>\r\n\t<article class=\"w-grid-item post-1371 attachment type-attachment status-inherit hentry\" data-id=\"1371\">\r\n\t\t<div class=\"w-grid-item-h\">\r\n\t\t\t\t\t\t<div class=\"w-post-elm post_image usg_post_image_1 has_ratio\"><a ref=\"magnificPopup\" href=\"https:\/\/lagodidro.it\/wp-content\/uploads\/2023\/04\/gastronomia_8.jpg\" aria-label=\"gastronomia_8\"><img loading=\"lazy\" decoding=\"async\" width=\"1150\" height=\"645\" src=\"https:\/\/lagodidro.it\/wp-content\/uploads\/2023\/04\/gastronomia_8.jpg\" class=\"attachment-full size-full\" alt=\"\" \/><\/a><div style=\"padding-bottom:75%\"><\/div><\/div>\t\t<\/div>\r\n\t\t\t<\/article>\r\n\t<article class=\"w-grid-item post-1368 attachment type-attachment status-inherit hentry\" data-id=\"1368\">\r\n\t\t<div class=\"w-grid-item-h\">\r\n\t\t\t\t\t\t<div class=\"w-post-elm post_image usg_post_image_1 has_ratio\"><a ref=\"magnificPopup\" href=\"https:\/\/lagodidro.it\/wp-content\/uploads\/2023\/04\/gastronomia_7.jpg\" aria-label=\"gastronomia_7\"><img loading=\"lazy\" decoding=\"async\" width=\"1150\" height=\"645\" src=\"https:\/\/lagodidro.it\/wp-content\/uploads\/2023\/04\/gastronomia_7.jpg\" class=\"attachment-full size-full\" alt=\"\" \/><\/a><div style=\"padding-bottom:75%\"><\/div><\/div>\t\t<\/div>\r\n\t\t\t<\/article>\r\n\t<article class=\"w-grid-item post-1365 attachment type-attachment status-inherit hentry\" data-id=\"1365\">\r\n\t\t<div class=\"w-grid-item-h\">\r\n\t\t\t\t\t\t<div class=\"w-post-elm post_image usg_post_image_1 has_ratio\"><a ref=\"magnificPopup\" href=\"https:\/\/lagodidro.it\/wp-content\/uploads\/2023\/04\/gastronomia_6.jpg\" aria-label=\"gastronomia_6\"><img loading=\"lazy\" decoding=\"async\" width=\"1150\" height=\"645\" src=\"https:\/\/lagodidro.it\/wp-content\/uploads\/2023\/04\/gastronomia_6.jpg\" class=\"attachment-full size-full\" alt=\"\" \/><\/a><div style=\"padding-bottom:75%\"><\/div><\/div>\t\t<\/div>\r\n\t\t\t<\/article>\r\n\t<article class=\"w-grid-item post-1362 attachment type-attachment status-inherit hentry\" data-id=\"1362\">\r\n\t\t<div class=\"w-grid-item-h\">\r\n\t\t\t\t\t\t<div class=\"w-post-elm post_image usg_post_image_1 has_ratio\"><a ref=\"magnificPopup\" href=\"https:\/\/lagodidro.it\/wp-content\/uploads\/2023\/04\/gastronomia_5.jpg\" aria-label=\"gastronomia_5\"><img loading=\"lazy\" decoding=\"async\" width=\"1150\" height=\"645\" src=\"https:\/\/lagodidro.it\/wp-content\/uploads\/2023\/04\/gastronomia_5.jpg\" class=\"attachment-full size-full\" alt=\"\" \/><\/a><div style=\"padding-bottom:75%\"><\/div><\/div>\t\t<\/div>\r\n\t\t\t<\/article>\r\n\t<article class=\"w-grid-item post-1359 attachment type-attachment status-inherit hentry\" data-id=\"1359\">\r\n\t\t<div class=\"w-grid-item-h\">\r\n\t\t\t\t\t\t<div class=\"w-post-elm post_image usg_post_image_1 has_ratio\"><a ref=\"magnificPopup\" href=\"https:\/\/lagodidro.it\/wp-content\/uploads\/2023\/04\/gastronomia_4.jpg\" aria-label=\"gastronomia_4\"><img loading=\"lazy\" decoding=\"async\" width=\"1150\" height=\"645\" src=\"https:\/\/lagodidro.it\/wp-content\/uploads\/2023\/04\/gastronomia_4.jpg\" class=\"attachment-full size-full\" alt=\"\" \/><\/a><div style=\"padding-bottom:75%\"><\/div><\/div>\t\t<\/div>\r\n\t\t\t<\/article>\r\n\t<article class=\"w-grid-item post-1356 attachment type-attachment status-inherit hentry\" data-id=\"1356\">\r\n\t\t<div class=\"w-grid-item-h\">\r\n\t\t\t\t\t\t<div class=\"w-post-elm post_image usg_post_image_1 has_ratio\"><a ref=\"magnificPopup\" href=\"https:\/\/lagodidro.it\/wp-content\/uploads\/2023\/04\/gastronomia_3.jpg\" aria-label=\"gastronomia_3\"><img loading=\"lazy\" decoding=\"async\" width=\"1150\" height=\"645\" src=\"https:\/\/lagodidro.it\/wp-content\/uploads\/2023\/04\/gastronomia_3.jpg\" class=\"attachment-full size-full\" alt=\"\" \/><\/a><div style=\"padding-bottom:75%\"><\/div><\/div>\t\t<\/div>\r\n\t\t\t<\/article>\r\n\t<article class=\"w-grid-item post-1353 attachment type-attachment status-inherit hentry\" data-id=\"1353\">\r\n\t\t<div class=\"w-grid-item-h\">\r\n\t\t\t\t\t\t<div class=\"w-post-elm post_image usg_post_image_1 has_ratio\"><a ref=\"magnificPopup\" href=\"https:\/\/lagodidro.it\/wp-content\/uploads\/2023\/04\/gastronomia_2.jpg\" aria-label=\"gastronomia_2\"><img loading=\"lazy\" decoding=\"async\" width=\"1150\" height=\"645\" src=\"https:\/\/lagodidro.it\/wp-content\/uploads\/2023\/04\/gastronomia_2.jpg\" class=\"attachment-full size-full\" alt=\"\" \/><\/a><div style=\"padding-bottom:75%\"><\/div><\/div>\t\t<\/div>\r\n\t\t\t<\/article>\r\n\t<article class=\"w-grid-item post-1350 attachment type-attachment status-inherit hentry\" data-id=\"1350\">\r\n\t\t<div class=\"w-grid-item-h\">\r\n\t\t\t\t\t\t<div class=\"w-post-elm post_image usg_post_image_1 has_ratio\"><a ref=\"magnificPopup\" href=\"https:\/\/lagodidro.it\/wp-content\/uploads\/2023\/04\/gastronomia_1.jpg\" aria-label=\"gastronomia_1\"><img loading=\"lazy\" decoding=\"async\" width=\"1150\" height=\"645\" src=\"https:\/\/lagodidro.it\/wp-content\/uploads\/2023\/04\/gastronomia_1.jpg\" class=\"attachment-full size-full\" alt=\"\" \/><\/a><div style=\"padding-bottom:75%\"><\/div><\/div>\t\t<\/div>\r\n\t\t\t<\/article>\r\n<\/div>\t<div class=\"g-preloader type_custom\">\r\n\t\t<div><img loading=\"lazy\" decoding=\"async\" width=\"300\" height=\"158\" src=\"https:\/\/lagodidro.it\/wp-content\/uploads\/2023\/03\/logo-lagodidro-home-300x158.png\" class=\"attachment-medium size-medium\" alt=\"\" srcset=\"https:\/\/lagodidro.it\/wp-content\/uploads\/2023\/03\/logo-lagodidro-home-300x158.png 300w, https:\/\/lagodidro.it\/wp-content\/uploads\/2023\/03\/logo-lagodidro-home.png 429w\" sizes=\"auto, (max-width: 300px) 100vw, 300px\" \/><\/div>\r\n\t<\/div>\r\n\t\t<div class=\"w-grid-json hidden\" onclick='return {&quot;action&quot;:&quot;us_ajax_grid&quot;,&quot;infinite_scroll&quot;:0,&quot;max_num_pages&quot;:1,&quot;pagination&quot;:&quot;none&quot;,&quot;template_vars&quot;:{&quot;columns&quot;:&quot;&quot;,&quot;exclude_items&quot;:&quot;none&quot;,&quot;img_size&quot;:&quot;default&quot;,&quot;ignore_items_size&quot;:0,&quot;items_layout&quot;:&quot;74&quot;,&quot;items_offset&quot;:&quot;0px&quot;,&quot;load_animation&quot;:&quot;none&quot;,&quot;overriding_link&quot;:&quot;popup_post_image&quot;,&quot;post_id&quot;:0,&quot;query_args&quot;:{&quot;post_type&quot;:[&quot;attachment&quot;],&quot;post__in&quot;:[&quot;468&quot;,&quot;469&quot;,&quot;470&quot;,&quot;471&quot;,&quot;472&quot;,&quot;473&quot;,&quot;474&quot;,&quot;475&quot;,&quot;476&quot;],&quot;post_status&quot;:&quot;inherit&quot;,&quot;post_mime_type&quot;:&quot;image&quot;,&quot;posts_per_page&quot;:&quot;50&quot;},&quot;orderby_query_args&quot;:{&quot;orderby&quot;:{&quot;date&quot;:&quot;DESC&quot;}},&quot;type&quot;:&quot;carousel&quot;,&quot;us_grid_post_type&quot;:&quot;attachment&quot;,&quot;us_grid_ajax_index&quot;:1,&quot;us_grid_filter_query_string&quot;:null,&quot;us_grid_index&quot;:1,&quot;page_args&quot;:[],&quot;lang&quot;:&quot;de&quot;},&quot;carousel_settings&quot;:{&quot;aria_labels&quot;:{&quot;prev&quot;:&quot;Zur\\u00fcck&quot;,&quot;next&quot;:&quot;Weiter&quot;},&quot;autoplayContinual&quot;:false,&quot;autoplayHoverPause&quot;:false,&quot;autoplayTimeout&quot;:3000,&quot;autoWidth&quot;:false,&quot;smartSpeed&quot;:350,&quot;margin&quot;:0,&quot;mouseDrag&quot;:true,&quot;rtl&quot;:false,&quot;slideBy&quot;:&quot;1&quot;,&quot;touchDrag&quot;:true,&quot;slideTransition&quot;:&quot;&quot;,&quot;responsive&quot;:{&quot;0&quot;:{&quot;autoHeight&quot;:false,&quot;autoplay&quot;:true,&quot;autoWidth&quot;:false,&quot;center&quot;:false,&quot;dots&quot;:false,&quot;items&quot;:1,&quot;loop&quot;:true,&quot;nav&quot;:false,&quot;stagePadding&quot;:0,&quot;slideBy&quot;:&quot;1&quot;},&quot;601&quot;:{&quot;autoHeight&quot;:false,&quot;autoplay&quot;:true,&quot;autoWidth&quot;:false,&quot;center&quot;:false,&quot;dots&quot;:false,&quot;items&quot;:2,&quot;loop&quot;:true,&quot;nav&quot;:true,&quot;stagePadding&quot;:0,&quot;slideBy&quot;:&quot;1&quot;},&quot;1025&quot;:{&quot;autoHeight&quot;:false,&quot;autoplay&quot;:true,&quot;autoWidth&quot;:false,&quot;center&quot;:false,&quot;dots&quot;:false,&quot;items&quot;:3,&quot;loop&quot;:true,&quot;nav&quot;:true,&quot;stagePadding&quot;:0,&quot;slideBy&quot;:&quot;1&quot;},&quot;1381&quot;:{&quot;items&quot;:3,&quot;autoplay&quot;:false,&quot;center&quot;:false,&quot;dots&quot;:false,&quot;nav&quot;:true,&quot;autoHeight&quot;:false,&quot;autoWidth&quot;:false,&quot;loop&quot;:true,&quot;stagePadding&quot;:0}}}}'><\/div>\r\n\t<div class=\"l-popup\">\r\n\t<div class=\"l-popup-overlay\"><\/div>\r\n\t<div class=\"l-popup-wrap\">\r\n\t\t<div class=\"l-popup-box\">\r\n\t\t\t<div class=\"l-popup-box-content\">\r\n\t\t\t\t<div class=\"g-preloader type_custom\">\r\n\t\t\t\t\t<div><img loading=\"lazy\" decoding=\"async\" width=\"300\" height=\"158\" src=\"https:\/\/lagodidro.it\/wp-content\/uploads\/2023\/03\/logo-lagodidro-home-300x158.png\" class=\"attachment-medium size-medium\" alt=\"\" srcset=\"https:\/\/lagodidro.it\/wp-content\/uploads\/2023\/03\/logo-lagodidro-home-300x158.png 300w, https:\/\/lagodidro.it\/wp-content\/uploads\/2023\/03\/logo-lagodidro-home.png 429w\" sizes=\"auto, (max-width: 300px) 100vw, 300px\" \/><\/div>\r\n\t\t\t\t<\/div>\r\n\t\t\t\t<iframe class=\"l-popup-box-content-frame\" allowfullscreen><\/iframe>\r\n\t\t\t<\/div>\r\n\t\t<\/div>\r\n\t\t\t\t\t<div class=\"l-popup-arrow to_next hidden\" title=\"Weiter\"><\/div>\r\n\t\t\t<div class=\"l-popup-arrow to_prev hidden\" title=\"Zur\u00fcck\"><\/div>\r\n\t\t\t\t<div class=\"l-popup-closer\"><\/div>\r\n\t<\/div>\r\n<\/div>\r\n<\/div><\/div><\/div><\/div><\/div><\/section>\n","protected":false},"excerpt":{"rendered":"","protected":false},"author":1,"featured_media":1686,"parent":1654,"menu_order":0,"comment_status":"closed","ping_status":"closed","template":"","meta":{"_acf_changed":false,"inline_featured_image":false,"footnotes":""},"class_list":["post-1696","page","type-page","status-publish","has-post-thumbnail","hentry"],"acf":[],"yoast_head":"<!-- This site is optimized with the Yoast SEO plugin v27.5 - https:\/\/yoast.com\/product\/yoast-seo-wordpress\/ -->\n<title>Gastronomie - Consorzio Operatori Turistici del Lago d&#039;Idro<\/title>\n<meta name=\"description\" content=\"Der Idrosee ist auch Tradition und Gastronomie mit Trattorien, typischen Restaurants und lokalen Produkten wie Salami, K\u00e4se, Fisch und Wild aus dem See und Fluss.\" \/>\n<meta name=\"robots\" content=\"index, follow, max-snippet:-1, max-image-preview:large, max-video-preview:-1\" \/>\n<link rel=\"canonical\" href=\"https:\/\/lagodidro.it\/attivita\/gastronomia\/\" \/>\n<meta property=\"og:locale\" content=\"de_DE\" \/>\n<meta property=\"og:type\" content=\"article\" \/>\n<meta property=\"og:title\" content=\"Gastronomie - Consorzio Operatori Turistici del Lago d&#039;Idro\" \/>\n<meta property=\"og:description\" content=\"Der Idrosee ist auch Tradition und Gastronomie mit Trattorien, typischen Restaurants und lokalen Produkten wie Salami, K\u00e4se, Fisch und Wild aus dem See und Fluss.\" \/>\n<meta property=\"og:url\" content=\"https:\/\/lagodidro.it\/attivita\/gastronomia\/\" \/>\n<meta property=\"og:site_name\" content=\"Consorzio Operatori Turistici del Lago d&#039;Idro\" \/>\n<meta property=\"article:modified_time\" content=\"2023-05-01T14:49:53+00:00\" \/>\n<meta property=\"og:image\" content=\"https:\/\/lagodidro.it\/wp-content\/uploads\/2023\/05\/3D7BE602-6A1C-4A6C-AFEB-A030F234D213_1_201_a-scaled.jpeg\" \/>\n\t<meta property=\"og:image:width\" content=\"1920\" \/>\n\t<meta property=\"og:image:height\" content=\"2560\" \/>\n\t<meta property=\"og:image:type\" content=\"image\/jpeg\" \/>\n<meta name=\"twitter:card\" content=\"summary_large_image\" \/>\n<meta name=\"twitter:label1\" content=\"Gesch\u00e4tzte Lesezeit\" \/>\n\t<meta name=\"twitter:data1\" content=\"2\u00a0Minuten\" \/>\n<script type=\"application\/ld+json\" class=\"yoast-schema-graph\">{\"@context\":\"https:\\\/\\\/schema.org\",\"@graph\":[{\"@type\":\"WebPage\",\"@id\":\"https:\\\/\\\/lagodidro.it\\\/attivita\\\/gastronomia\\\/\",\"url\":\"https:\\\/\\\/lagodidro.it\\\/attivita\\\/gastronomia\\\/\",\"name\":\"Gastronomie - Consorzio Operatori Turistici del Lago d&#039;Idro\",\"isPartOf\":{\"@id\":\"https:\\\/\\\/lagodidro.it\\\/#website\"},\"primaryImageOfPage\":{\"@id\":\"https:\\\/\\\/lagodidro.it\\\/attivita\\\/gastronomia\\\/#primaryimage\"},\"image\":{\"@id\":\"https:\\\/\\\/lagodidro.it\\\/attivita\\\/gastronomia\\\/#primaryimage\"},\"thumbnailUrl\":\"https:\\\/\\\/lagodidro.it\\\/wp-content\\\/uploads\\\/2023\\\/05\\\/3D7BE602-6A1C-4A6C-AFEB-A030F234D213_1_201_a-scaled.jpeg\",\"datePublished\":\"2023-04-12T08:14:04+00:00\",\"dateModified\":\"2023-05-01T14:49:53+00:00\",\"description\":\"Der Idrosee ist auch Tradition und Gastronomie mit Trattorien, typischen Restaurants und lokalen Produkten wie Salami, K\u00e4se, Fisch und Wild aus dem See und Fluss.\",\"breadcrumb\":{\"@id\":\"https:\\\/\\\/lagodidro.it\\\/attivita\\\/gastronomia\\\/#breadcrumb\"},\"inLanguage\":\"de\",\"potentialAction\":[{\"@type\":\"ReadAction\",\"target\":[\"https:\\\/\\\/lagodidro.it\\\/attivita\\\/gastronomia\\\/\"]}]},{\"@type\":\"ImageObject\",\"inLanguage\":\"de\",\"@id\":\"https:\\\/\\\/lagodidro.it\\\/attivita\\\/gastronomia\\\/#primaryimage\",\"url\":\"https:\\\/\\\/lagodidro.it\\\/wp-content\\\/uploads\\\/2023\\\/05\\\/3D7BE602-6A1C-4A6C-AFEB-A030F234D213_1_201_a-scaled.jpeg\",\"contentUrl\":\"https:\\\/\\\/lagodidro.it\\\/wp-content\\\/uploads\\\/2023\\\/05\\\/3D7BE602-6A1C-4A6C-AFEB-A030F234D213_1_201_a-scaled.jpeg\",\"width\":1920,\"height\":2560},{\"@type\":\"BreadcrumbList\",\"@id\":\"https:\\\/\\\/lagodidro.it\\\/attivita\\\/gastronomia\\\/#breadcrumb\",\"itemListElement\":[{\"@type\":\"ListItem\",\"position\":1,\"name\":\"Home\",\"item\":\"https:\\\/\\\/lagodidro.it\\\/de\\\/\"},{\"@type\":\"ListItem\",\"position\":2,\"name\":\"Aktivit\u00e4ten\",\"item\":\"https:\\\/\\\/lagodidro.it\\\/attivita\\\/\"},{\"@type\":\"ListItem\",\"position\":3,\"name\":\"Gastronomie\"}]},{\"@type\":\"WebSite\",\"@id\":\"https:\\\/\\\/lagodidro.it\\\/#website\",\"url\":\"https:\\\/\\\/lagodidro.it\\\/\",\"name\":\"Consorzio Operatori Turistici del Lago d&#039;Idro\",\"description\":\"Consorzio Operatori Turistici del Lago d&#039;Idro\",\"potentialAction\":[{\"@type\":\"SearchAction\",\"target\":{\"@type\":\"EntryPoint\",\"urlTemplate\":\"https:\\\/\\\/lagodidro.it\\\/?s={search_term_string}\"},\"query-input\":{\"@type\":\"PropertyValueSpecification\",\"valueRequired\":true,\"valueName\":\"search_term_string\"}}],\"inLanguage\":\"de\"}]}<\/script>\n<!-- \/ Yoast SEO plugin. -->","yoast_head_json":{"title":"Gastronomie - Consorzio Operatori Turistici del Lago d&#039;Idro","description":"Der Idrosee ist auch Tradition und Gastronomie mit Trattorien, typischen Restaurants und lokalen Produkten wie Salami, K\u00e4se, Fisch und Wild aus dem See und Fluss.","robots":{"index":"index","follow":"follow","max-snippet":"max-snippet:-1","max-image-preview":"max-image-preview:large","max-video-preview":"max-video-preview:-1"},"canonical":"https:\/\/lagodidro.it\/attivita\/gastronomia\/","og_locale":"de_DE","og_type":"article","og_title":"Gastronomie - Consorzio Operatori Turistici del Lago d&#039;Idro","og_description":"Der Idrosee ist auch Tradition und Gastronomie mit Trattorien, typischen Restaurants und lokalen Produkten wie Salami, K\u00e4se, Fisch und Wild aus dem See und Fluss.","og_url":"https:\/\/lagodidro.it\/attivita\/gastronomia\/","og_site_name":"Consorzio Operatori Turistici del Lago d&#039;Idro","article_modified_time":"2023-05-01T14:49:53+00:00","og_image":[{"width":1920,"height":2560,"url":"https:\/\/lagodidro.it\/wp-content\/uploads\/2023\/05\/3D7BE602-6A1C-4A6C-AFEB-A030F234D213_1_201_a-scaled.jpeg","type":"image\/jpeg"}],"twitter_card":"summary_large_image","twitter_misc":{"Gesch\u00e4tzte Lesezeit":"2\u00a0Minuten"},"schema":{"@context":"https:\/\/schema.org","@graph":[{"@type":"WebPage","@id":"https:\/\/lagodidro.it\/attivita\/gastronomia\/","url":"https:\/\/lagodidro.it\/attivita\/gastronomia\/","name":"Gastronomie - Consorzio Operatori Turistici del Lago d&#039;Idro","isPartOf":{"@id":"https:\/\/lagodidro.it\/#website"},"primaryImageOfPage":{"@id":"https:\/\/lagodidro.it\/attivita\/gastronomia\/#primaryimage"},"image":{"@id":"https:\/\/lagodidro.it\/attivita\/gastronomia\/#primaryimage"},"thumbnailUrl":"https:\/\/lagodidro.it\/wp-content\/uploads\/2023\/05\/3D7BE602-6A1C-4A6C-AFEB-A030F234D213_1_201_a-scaled.jpeg","datePublished":"2023-04-12T08:14:04+00:00","dateModified":"2023-05-01T14:49:53+00:00","description":"Der Idrosee ist auch Tradition und Gastronomie mit Trattorien, typischen Restaurants und lokalen Produkten wie Salami, K\u00e4se, Fisch und Wild aus dem See und Fluss.","breadcrumb":{"@id":"https:\/\/lagodidro.it\/attivita\/gastronomia\/#breadcrumb"},"inLanguage":"de","potentialAction":[{"@type":"ReadAction","target":["https:\/\/lagodidro.it\/attivita\/gastronomia\/"]}]},{"@type":"ImageObject","inLanguage":"de","@id":"https:\/\/lagodidro.it\/attivita\/gastronomia\/#primaryimage","url":"https:\/\/lagodidro.it\/wp-content\/uploads\/2023\/05\/3D7BE602-6A1C-4A6C-AFEB-A030F234D213_1_201_a-scaled.jpeg","contentUrl":"https:\/\/lagodidro.it\/wp-content\/uploads\/2023\/05\/3D7BE602-6A1C-4A6C-AFEB-A030F234D213_1_201_a-scaled.jpeg","width":1920,"height":2560},{"@type":"BreadcrumbList","@id":"https:\/\/lagodidro.it\/attivita\/gastronomia\/#breadcrumb","itemListElement":[{"@type":"ListItem","position":1,"name":"Home","item":"https:\/\/lagodidro.it\/de\/"},{"@type":"ListItem","position":2,"name":"Aktivit\u00e4ten","item":"https:\/\/lagodidro.it\/attivita\/"},{"@type":"ListItem","position":3,"name":"Gastronomie"}]},{"@type":"WebSite","@id":"https:\/\/lagodidro.it\/#website","url":"https:\/\/lagodidro.it\/","name":"Consorzio Operatori Turistici del Lago d&#039;Idro","description":"Consorzio Operatori Turistici del Lago d&#039;Idro","potentialAction":[{"@type":"SearchAction","target":{"@type":"EntryPoint","urlTemplate":"https:\/\/lagodidro.it\/?s={search_term_string}"},"query-input":{"@type":"PropertyValueSpecification","valueRequired":true,"valueName":"search_term_string"}}],"inLanguage":"de"}]}},"_links":{"self":[{"href":"https:\/\/lagodidro.it\/de\/wp-json\/wp\/v2\/pages\/1696","targetHints":{"allow":["GET"]}}],"collection":[{"href":"https:\/\/lagodidro.it\/de\/wp-json\/wp\/v2\/pages"}],"about":[{"href":"https:\/\/lagodidro.it\/de\/wp-json\/wp\/v2\/types\/page"}],"author":[{"embeddable":true,"href":"https:\/\/lagodidro.it\/de\/wp-json\/wp\/v2\/users\/1"}],"replies":[{"embeddable":true,"href":"https:\/\/lagodidro.it\/de\/wp-json\/wp\/v2\/comments?post=1696"}],"version-history":[{"count":2,"href":"https:\/\/lagodidro.it\/de\/wp-json\/wp\/v2\/pages\/1696\/revisions"}],"predecessor-version":[{"id":1698,"href":"https:\/\/lagodidro.it\/de\/wp-json\/wp\/v2\/pages\/1696\/revisions\/1698"}],"up":[{"embeddable":true,"href":"https:\/\/lagodidro.it\/de\/wp-json\/wp\/v2\/pages\/1654"}],"wp:featuredmedia":[{"embeddable":true,"href":"https:\/\/lagodidro.it\/de\/wp-json\/wp\/v2\/media\/1686"}],"wp:attachment":[{"href":"https:\/\/lagodidro.it\/de\/wp-json\/wp\/v2\/media?parent=1696"}],"curies":[{"name":"wp","href":"https:\/\/api.w.org\/{rel}","templated":true}]}}