{"id":1787,"date":"2023-04-12T10:06:35","date_gmt":"2023-04-12T08:06:35","guid":{"rendered":"https:\/\/lagodidro.it\/aktivitaeten\/the-mountains\/"},"modified":"2023-05-01T18:25:41","modified_gmt":"2023-05-01T16:25:41","slug":"die-berge","status":"publish","type":"page","link":"https:\/\/lagodidro.it\/de\/aktivitaeten\/die-berge\/","title":{"rendered":"Die Berge"},"content":{"rendered":"<section class=\"l-section wpb_row height_large full_height valign_bottom with_img with_shape\"><div class=\"l-section-img\" role=\"img\" aria-label=\"Bild\" data-img-width=\"1150\" data-img-height=\"645\" style=\"background-image: url(https:\/\/lagodidro.it\/wp-content\/uploads\/2023\/04\/montagna_6.jpg);background-repeat: no-repeat;\"><\/div><div class=\"l-section-shape type_wave pos_bottom\" style=\"height:10vmin;\"><svg xmlns=\"http:\/\/www.w3.org\/2000\/svg\" viewBox=\"0 4 64 4\" preserveAspectRatio=\"none\" width=\"100%\" height=\"100%\">\r\n\t<path fill=\"currentColor\" d=\"M64 6 C32 0 32 12 0 6 L0 8 L64 8 Z\"\/>\r\n<\/svg><\/div><div class=\"l-section-h i-cf\"><div class=\"g-cols vc_row via_grid cols_1 laptops-cols_inherit tablets-cols_inherit mobiles-cols_1 valign_top type_default stacking_default\"><div class=\"wpb_column vc_column_container\"><div class=\"vc_column-inner\"><nav class=\"g-breadcrumbs us_custom_9fc592ca has_text_color separator_icon align_none\" itemscope itemtype=\"http:\/\/schema.org\/BreadcrumbList\"><div class=\"g-breadcrumbs-item\" itemscope itemprop=\"itemListElement\" itemtype=\"http:\/\/schema.org\/ListItem\"><a itemprop=\"item\" href=\"https:\/\/lagodidro.it\/de\/\"><span itemprop=\"name\">Start<\/span><\/a><meta itemprop=\"position\" content=\"1\"\/><\/div><div class=\"g-breadcrumbs-separator\"><i class=\"far fa-angle-right\"><\/i><\/div><div class=\"g-breadcrumbs-item\">Seiten<\/div><\/nav><\/div><\/div><\/div><\/div><\/section><section class=\"l-section wpb_row height_medium\"><div class=\"l-section-h i-cf\"><div class=\"g-cols vc_row via_grid cols_1 laptops-cols_inherit tablets-cols_inherit mobiles-cols_1 valign_top type_default stacking_default\"><div class=\"wpb_column vc_column_container\"><div class=\"vc_column-inner\"><div class=\"wpb_text_column\"><div class=\"wpb_wrapper\"><h1>Genie\u00dfe die Berge<\/h1>\n<\/div><\/div><div class=\"wpb_text_column\"><div class=\"wpb_wrapper\"><h2>Wanderungen aller Schwierigkeitsgrade und atemberaubende Aussichten.<\/h2>\n<\/div><\/div><div class=\"w-separator size_small with_line width_30 thick_2 style_solid color_border align_left\"><div class=\"w-separator-h\"><\/div><\/div><div class=\"wpb_text_column\"><div class=\"wpb_wrapper\"><p>Der Idrosee und seine Berge bieten Wanderungen aller L\u00e4ngen und Schwierigkeitsgrade auf Wegen, die f\u00fcr Amateure leicht oder f\u00fcr Experten anspruchsvoll sind. Die Pfade, die am Idrosee beginnen, sind schmal und steil, aber das Panorama, das du auf deinem Weg zu sehen bekommst, ist von solcher Sch\u00f6nheit, dass du deine M\u00fcdigkeit vergisst.<\/p>\n<p>Die beliebtesten Pfade sind:<\/p>\n<ul>\n<li>&#8222;Cascate&#8220; (Wasserf\u00e4lle), der im Dorf Crone (370 m) beginnt und den Gipfel des Perl\u00e8 auf einer H\u00f6he von 1031 m erreicht.<\/li>\n<li>&#8222;Dosso Sassello&#8220; (1006 m) mit einer Panoramastrecke, die die D\u00f6rfer Pieve Vecchia (370 m) und Anfo (370 m) verbindet.<\/li>\n<li>&#8222;Contrabbandieri&#8220; (Schmuggler) (400 m), der entlang des nord\u00f6stlichen und wilderen Teils des Sees verl\u00e4uft und die einzige Verbindung zwischen den D\u00f6rfern Vesta (370 m) und Baitoni (370 m) darstellt.<\/li>\n<\/ul>\n<p>Eine halbst\u00fcndige Fahrt auf der Provinzstra\u00dfe in Richtung Crocedomini-Pass (1985 m) durch die Berge nordwestlich des Sees f\u00fchrt dich nach Gaver (1511 m), einem bekannten lokalen Skigebiet im Winter und einem Paradies f\u00fcr Wanderer von Fr\u00fchling bis Herbst. Von der Gaver-Ebene aus k\u00f6nnen alpine Seen und Schutzh\u00fctten auf Wegen von unvergleichlicher Sch\u00f6nheit erreicht werden.<\/p>\n<p>Besonders attraktiv sind die Wanderungen zum &#8222;Lago della Vacca&#8220; in der N\u00e4he der H\u00fctte &#8222;Tita Secchi&#8220; (2362 m) und zu den &#8222;Laghetti di Bruffione&#8220; (1888 m). Noch sch\u00f6nere Wanderungen kann man im benachbarten Trentino machen, vor allem im Val di Daone, eine Dreiviertelstunde vom Idrosee entfernt, bei der H\u00fctte &#8218;Val di Fumo&#8216; (1995 m), einer Wanderung f\u00fcr die ganze Familie, die sehr beliebt ist, nicht nur weil sie leicht zu gehen ist, sondern vor allem wegen der Sch\u00f6nheit der Landschaft.<\/p>\n<p>Aber das sind nur einige der zahlreichen Ausflugsm\u00f6glichkeiten in der unmittelbaren Umgebung des Idrosees, die alle gut ausgeschildert und in wenigen Minuten mit dem Auto zu erreichen sind.<\/p>\n<\/div><\/div><\/div><\/div><\/div><\/div><\/section><section class=\"l-section wpb_row height_medium\"><div class=\"l-section-h i-cf\"><div class=\"g-cols vc_row via_grid cols_1 laptops-cols_inherit tablets-cols_inherit mobiles-cols_1 valign_top type_default stacking_default\"><div class=\"wpb_column vc_column_container\"><div class=\"vc_column-inner\"><div class=\"w-grid type_carousel layout_74 open_items_in_popup items_3\" id=\"us_grid_1\" style=\"--items:3;--gap:0.3rem;\"><style>.layout_74 .w-grid-item-h{}.layout_74 .usg_post_image_1{transition-duration:0.3s;transform-origin:50% 50%;transform:scale(1) translate(0%,0%);opacity:0.8}.layout_74 .w-grid-item-h:focus-within .usg_post_image_1,.layout_74 .w-grid-item-h:hover .usg_post_image_1{transform:scale(1) translate(0%,0%);opacity:1;background:var(--color-header-middle-bg-grad,var(--color-header-middle-bg) )!important}.layout_74 .usg_post_image_1{background:var(--color-header-middle-bg-grad,var(--color-header-middle-bg) )!important}<\/style><div class=\"w-grid-list owl-carousel valign_stretch dotstyle_circle navstyle_circle navpos_outside owl-responsive-2000 with_arrows\" style=\"--transition-duration:350ms;--arrows-size:1.5rem;\">\t<article class=\"w-grid-item post-1263 attachment type-attachment status-inherit hentry\" data-id=\"1263\">\r\n\t\t<div class=\"w-grid-item-h\">\r\n\t\t\t\t\t\t<div class=\"w-post-elm post_image usg_post_image_1 has_ratio\"><a ref=\"magnificPopup\" href=\"https:\/\/lagodidro.it\/wp-content\/uploads\/2023\/04\/montagna_10.jpg\" aria-label=\"montagna_10\"><img loading=\"lazy\" decoding=\"async\" width=\"1150\" height=\"645\" src=\"https:\/\/lagodidro.it\/wp-content\/uploads\/2023\/04\/montagna_10.jpg\" class=\"attachment-full size-full\" alt=\"\" \/><\/a><div style=\"padding-bottom:75%\"><\/div><\/div>\t\t<\/div>\r\n\t\t\t<\/article>\r\n\t<article class=\"w-grid-item post-1260 attachment type-attachment status-inherit hentry\" data-id=\"1260\">\r\n\t\t<div class=\"w-grid-item-h\">\r\n\t\t\t\t\t\t<div class=\"w-post-elm post_image usg_post_image_1 has_ratio\"><a ref=\"magnificPopup\" href=\"https:\/\/lagodidro.it\/wp-content\/uploads\/2023\/04\/montagna_9.jpg\" aria-label=\"montagna_9\"><img loading=\"lazy\" decoding=\"async\" width=\"1150\" height=\"645\" src=\"https:\/\/lagodidro.it\/wp-content\/uploads\/2023\/04\/montagna_9.jpg\" class=\"attachment-full size-full\" alt=\"\" \/><\/a><div style=\"padding-bottom:75%\"><\/div><\/div>\t\t<\/div>\r\n\t\t\t<\/article>\r\n\t<article class=\"w-grid-item post-1257 attachment type-attachment status-inherit hentry\" data-id=\"1257\">\r\n\t\t<div class=\"w-grid-item-h\">\r\n\t\t\t\t\t\t<div class=\"w-post-elm post_image usg_post_image_1 has_ratio\"><a ref=\"magnificPopup\" href=\"https:\/\/lagodidro.it\/wp-content\/uploads\/2023\/04\/montagna_8.jpg\" aria-label=\"montagna_8\"><img loading=\"lazy\" decoding=\"async\" width=\"1150\" height=\"645\" src=\"https:\/\/lagodidro.it\/wp-content\/uploads\/2023\/04\/montagna_8.jpg\" class=\"attachment-full size-full\" alt=\"\" \/><\/a><div style=\"padding-bottom:75%\"><\/div><\/div>\t\t<\/div>\r\n\t\t\t<\/article>\r\n\t<article class=\"w-grid-item post-1254 attachment type-attachment status-inherit hentry\" data-id=\"1254\">\r\n\t\t<div class=\"w-grid-item-h\">\r\n\t\t\t\t\t\t<div class=\"w-post-elm post_image usg_post_image_1 has_ratio\"><a ref=\"magnificPopup\" href=\"https:\/\/lagodidro.it\/wp-content\/uploads\/2023\/04\/montagna_7.jpg\" aria-label=\"montagna_7\"><img loading=\"lazy\" decoding=\"async\" width=\"1150\" height=\"645\" src=\"https:\/\/lagodidro.it\/wp-content\/uploads\/2023\/04\/montagna_7.jpg\" class=\"attachment-full size-full\" alt=\"\" \/><\/a><div style=\"padding-bottom:75%\"><\/div><\/div>\t\t<\/div>\r\n\t\t\t<\/article>\r\n\t<article class=\"w-grid-item post-1251 attachment type-attachment status-inherit hentry\" data-id=\"1251\">\r\n\t\t<div class=\"w-grid-item-h\">\r\n\t\t\t\t\t\t<div class=\"w-post-elm post_image usg_post_image_1 has_ratio\"><a ref=\"magnificPopup\" href=\"https:\/\/lagodidro.it\/wp-content\/uploads\/2023\/04\/montagna_6.jpg\" aria-label=\"montagna_6\"><img loading=\"lazy\" decoding=\"async\" width=\"1150\" height=\"645\" src=\"https:\/\/lagodidro.it\/wp-content\/uploads\/2023\/04\/montagna_6.jpg\" class=\"attachment-full size-full\" alt=\"\" \/><\/a><div style=\"padding-bottom:75%\"><\/div><\/div>\t\t<\/div>\r\n\t\t\t<\/article>\r\n\t<article class=\"w-grid-item post-1248 attachment type-attachment status-inherit hentry\" data-id=\"1248\">\r\n\t\t<div class=\"w-grid-item-h\">\r\n\t\t\t\t\t\t<div class=\"w-post-elm post_image usg_post_image_1 has_ratio\"><a ref=\"magnificPopup\" href=\"https:\/\/lagodidro.it\/wp-content\/uploads\/2023\/04\/montagna_5.jpg\" aria-label=\"montagna_5\"><img loading=\"lazy\" decoding=\"async\" width=\"1150\" height=\"645\" src=\"https:\/\/lagodidro.it\/wp-content\/uploads\/2023\/04\/montagna_5.jpg\" class=\"attachment-full size-full\" alt=\"\" \/><\/a><div style=\"padding-bottom:75%\"><\/div><\/div>\t\t<\/div>\r\n\t\t\t<\/article>\r\n\t<article class=\"w-grid-item post-1245 attachment type-attachment status-inherit hentry\" data-id=\"1245\">\r\n\t\t<div class=\"w-grid-item-h\">\r\n\t\t\t\t\t\t<div class=\"w-post-elm post_image usg_post_image_1 has_ratio\"><a ref=\"magnificPopup\" href=\"https:\/\/lagodidro.it\/wp-content\/uploads\/2023\/04\/montagna_4.jpg\" aria-label=\"montagna_4\"><img loading=\"lazy\" decoding=\"async\" width=\"1150\" height=\"645\" src=\"https:\/\/lagodidro.it\/wp-content\/uploads\/2023\/04\/montagna_4.jpg\" class=\"attachment-full size-full\" alt=\"\" \/><\/a><div style=\"padding-bottom:75%\"><\/div><\/div>\t\t<\/div>\r\n\t\t\t<\/article>\r\n\t<article class=\"w-grid-item post-1242 attachment type-attachment status-inherit hentry\" data-id=\"1242\">\r\n\t\t<div class=\"w-grid-item-h\">\r\n\t\t\t\t\t\t<div class=\"w-post-elm post_image usg_post_image_1 has_ratio\"><a ref=\"magnificPopup\" href=\"https:\/\/lagodidro.it\/wp-content\/uploads\/2023\/04\/montagna_3.jpg\" aria-label=\"montagna_3\"><img loading=\"lazy\" decoding=\"async\" width=\"1150\" height=\"645\" src=\"https:\/\/lagodidro.it\/wp-content\/uploads\/2023\/04\/montagna_3.jpg\" class=\"attachment-full size-full\" alt=\"\" \/><\/a><div style=\"padding-bottom:75%\"><\/div><\/div>\t\t<\/div>\r\n\t\t\t<\/article>\r\n\t<article class=\"w-grid-item post-1239 attachment type-attachment status-inherit hentry\" data-id=\"1239\">\r\n\t\t<div class=\"w-grid-item-h\">\r\n\t\t\t\t\t\t<div class=\"w-post-elm post_image usg_post_image_1 has_ratio\"><a ref=\"magnificPopup\" href=\"https:\/\/lagodidro.it\/wp-content\/uploads\/2023\/04\/montagna_2.jpg\" aria-label=\"montagna_2\"><img loading=\"lazy\" decoding=\"async\" width=\"1150\" height=\"645\" src=\"https:\/\/lagodidro.it\/wp-content\/uploads\/2023\/04\/montagna_2.jpg\" class=\"attachment-full size-full\" alt=\"\" \/><\/a><div style=\"padding-bottom:75%\"><\/div><\/div>\t\t<\/div>\r\n\t\t\t<\/article>\r\n\t<article class=\"w-grid-item post-1236 attachment type-attachment status-inherit hentry\" data-id=\"1236\">\r\n\t\t<div class=\"w-grid-item-h\">\r\n\t\t\t\t\t\t<div class=\"w-post-elm post_image usg_post_image_1 has_ratio\"><a ref=\"magnificPopup\" href=\"https:\/\/lagodidro.it\/wp-content\/uploads\/2023\/04\/montagna_1.jpg\" aria-label=\"montagna_1\"><img loading=\"lazy\" decoding=\"async\" width=\"1150\" height=\"645\" src=\"https:\/\/lagodidro.it\/wp-content\/uploads\/2023\/04\/montagna_1.jpg\" class=\"attachment-full size-full\" alt=\"\" \/><\/a><div style=\"padding-bottom:75%\"><\/div><\/div>\t\t<\/div>\r\n\t\t\t<\/article>\r\n<\/div>\t<div class=\"g-preloader type_custom\">\r\n\t\t<div><img loading=\"lazy\" decoding=\"async\" width=\"300\" height=\"158\" src=\"https:\/\/lagodidro.it\/wp-content\/uploads\/2023\/03\/logo-lagodidro-home-300x158.png\" class=\"attachment-medium size-medium\" alt=\"\" srcset=\"https:\/\/lagodidro.it\/wp-content\/uploads\/2023\/03\/logo-lagodidro-home-300x158.png 300w, https:\/\/lagodidro.it\/wp-content\/uploads\/2023\/03\/logo-lagodidro-home.png 429w\" sizes=\"auto, (max-width: 300px) 100vw, 300px\" \/><\/div>\r\n\t<\/div>\r\n\t\t<div class=\"w-grid-json hidden\" onclick='return {&quot;action&quot;:&quot;us_ajax_grid&quot;,&quot;infinite_scroll&quot;:0,&quot;max_num_pages&quot;:1,&quot;pagination&quot;:&quot;none&quot;,&quot;template_vars&quot;:{&quot;columns&quot;:&quot;&quot;,&quot;exclude_items&quot;:&quot;none&quot;,&quot;img_size&quot;:&quot;default&quot;,&quot;ignore_items_size&quot;:0,&quot;items_layout&quot;:&quot;74&quot;,&quot;items_offset&quot;:&quot;0px&quot;,&quot;load_animation&quot;:&quot;none&quot;,&quot;overriding_link&quot;:&quot;popup_post_image&quot;,&quot;post_id&quot;:0,&quot;query_args&quot;:{&quot;post_type&quot;:[&quot;attachment&quot;],&quot;post__in&quot;:[&quot;422&quot;,&quot;423&quot;,&quot;424&quot;,&quot;425&quot;,&quot;426&quot;,&quot;427&quot;,&quot;428&quot;,&quot;429&quot;,&quot;430&quot;,&quot;431&quot;],&quot;post_status&quot;:&quot;inherit&quot;,&quot;post_mime_type&quot;:&quot;image&quot;,&quot;posts_per_page&quot;:&quot;50&quot;},&quot;orderby_query_args&quot;:{&quot;orderby&quot;:{&quot;date&quot;:&quot;DESC&quot;}},&quot;type&quot;:&quot;carousel&quot;,&quot;us_grid_post_type&quot;:&quot;attachment&quot;,&quot;us_grid_ajax_index&quot;:1,&quot;us_grid_filter_query_string&quot;:null,&quot;us_grid_index&quot;:1,&quot;page_args&quot;:[],&quot;lang&quot;:&quot;de&quot;},&quot;carousel_settings&quot;:{&quot;aria_labels&quot;:{&quot;prev&quot;:&quot;Zur\\u00fcck&quot;,&quot;next&quot;:&quot;Weiter&quot;},&quot;autoplayContinual&quot;:false,&quot;autoplayHoverPause&quot;:false,&quot;autoplayTimeout&quot;:3000,&quot;autoWidth&quot;:false,&quot;smartSpeed&quot;:350,&quot;margin&quot;:0,&quot;mouseDrag&quot;:true,&quot;rtl&quot;:false,&quot;slideBy&quot;:&quot;1&quot;,&quot;touchDrag&quot;:true,&quot;slideTransition&quot;:&quot;&quot;,&quot;responsive&quot;:{&quot;0&quot;:{&quot;autoHeight&quot;:false,&quot;autoplay&quot;:true,&quot;autoWidth&quot;:false,&quot;center&quot;:false,&quot;dots&quot;:false,&quot;items&quot;:1,&quot;loop&quot;:true,&quot;nav&quot;:false,&quot;stagePadding&quot;:0,&quot;slideBy&quot;:&quot;1&quot;},&quot;601&quot;:{&quot;autoHeight&quot;:false,&quot;autoplay&quot;:true,&quot;autoWidth&quot;:false,&quot;center&quot;:false,&quot;dots&quot;:false,&quot;items&quot;:2,&quot;loop&quot;:true,&quot;nav&quot;:true,&quot;stagePadding&quot;:0,&quot;slideBy&quot;:&quot;1&quot;},&quot;1025&quot;:{&quot;autoHeight&quot;:false,&quot;autoplay&quot;:true,&quot;autoWidth&quot;:false,&quot;center&quot;:false,&quot;dots&quot;:false,&quot;items&quot;:3,&quot;loop&quot;:true,&quot;nav&quot;:true,&quot;stagePadding&quot;:0,&quot;slideBy&quot;:&quot;1&quot;},&quot;1381&quot;:{&quot;items&quot;:3,&quot;autoplay&quot;:false,&quot;center&quot;:false,&quot;dots&quot;:false,&quot;nav&quot;:true,&quot;autoHeight&quot;:false,&quot;autoWidth&quot;:false,&quot;loop&quot;:true,&quot;stagePadding&quot;:0}}}}'><\/div>\r\n\t<div class=\"l-popup\">\r\n\t<div class=\"l-popup-overlay\"><\/div>\r\n\t<div class=\"l-popup-wrap\">\r\n\t\t<div class=\"l-popup-box\">\r\n\t\t\t<div class=\"l-popup-box-content\">\r\n\t\t\t\t<div class=\"g-preloader type_custom\">\r\n\t\t\t\t\t<div><img loading=\"lazy\" decoding=\"async\" width=\"300\" height=\"158\" src=\"https:\/\/lagodidro.it\/wp-content\/uploads\/2023\/03\/logo-lagodidro-home-300x158.png\" class=\"attachment-medium size-medium\" alt=\"\" srcset=\"https:\/\/lagodidro.it\/wp-content\/uploads\/2023\/03\/logo-lagodidro-home-300x158.png 300w, https:\/\/lagodidro.it\/wp-content\/uploads\/2023\/03\/logo-lagodidro-home.png 429w\" sizes=\"auto, (max-width: 300px) 100vw, 300px\" \/><\/div>\r\n\t\t\t\t<\/div>\r\n\t\t\t\t<iframe class=\"l-popup-box-content-frame\" allowfullscreen><\/iframe>\r\n\t\t\t<\/div>\r\n\t\t<\/div>\r\n\t\t\t\t\t<div class=\"l-popup-arrow to_next hidden\" title=\"Weiter\"><\/div>\r\n\t\t\t<div class=\"l-popup-arrow to_prev hidden\" title=\"Zur\u00fcck\"><\/div>\r\n\t\t\t\t<div class=\"l-popup-closer\"><\/div>\r\n\t<\/div>\r\n<\/div>\r\n<\/div><\/div><\/div><\/div><\/div><\/section>\n","protected":false},"excerpt":{"rendered":"","protected":false},"author":1,"featured_media":1251,"parent":1654,"menu_order":0,"comment_status":"closed","ping_status":"closed","template":"","meta":{"_acf_changed":false,"inline_featured_image":false,"footnotes":""},"class_list":["post-1787","page","type-page","status-publish","has-post-thumbnail","hentry"],"acf":[],"yoast_head":"<!-- This site is optimized with the Yoast SEO plugin v27.5 - https:\/\/yoast.com\/product\/yoast-seo-wordpress\/ -->\n<title>Die Berge - Consorzio Operatori Turistici del Lago d&#039;Idro<\/title>\n<meta name=\"description\" content=\"Der Idrosee und seine Berge bieten Wanderungen aller L\u00e4ngen und Schwierigkeitsgrade auf Wegen, die leicht f\u00fcr Amateure oder anspruchsvoll f\u00fcr Experten sind.\" \/>\n<meta name=\"robots\" content=\"index, follow, max-snippet:-1, max-image-preview:large, max-video-preview:-1\" \/>\n<link rel=\"canonical\" href=\"https:\/\/lagodidro.it\/attivita\/montagna\/\" \/>\n<meta property=\"og:locale\" content=\"de_DE\" \/>\n<meta property=\"og:type\" content=\"article\" \/>\n<meta property=\"og:title\" content=\"Die Berge - Consorzio Operatori Turistici del Lago d&#039;Idro\" \/>\n<meta property=\"og:description\" content=\"Der Idrosee und seine Berge bieten Wanderungen aller L\u00e4ngen und Schwierigkeitsgrade auf Wegen, die leicht f\u00fcr Amateure oder anspruchsvoll f\u00fcr Experten sind.\" \/>\n<meta property=\"og:url\" content=\"https:\/\/lagodidro.it\/attivita\/montagna\/\" \/>\n<meta property=\"og:site_name\" content=\"Consorzio Operatori Turistici del Lago d&#039;Idro\" \/>\n<meta property=\"article:modified_time\" content=\"2023-05-01T16:25:41+00:00\" \/>\n<meta property=\"og:image\" content=\"https:\/\/lagodidro.it\/wp-content\/uploads\/2023\/04\/montagna_6.jpg\" \/>\n\t<meta property=\"og:image:width\" content=\"1150\" \/>\n\t<meta property=\"og:image:height\" content=\"645\" \/>\n\t<meta property=\"og:image:type\" content=\"image\/jpeg\" \/>\n<meta name=\"twitter:card\" content=\"summary_large_image\" \/>\n<meta name=\"twitter:label1\" content=\"Gesch\u00e4tzte Lesezeit\" \/>\n\t<meta name=\"twitter:data1\" content=\"2\u00a0Minuten\" \/>\n<script type=\"application\/ld+json\" class=\"yoast-schema-graph\">{\"@context\":\"https:\\\/\\\/schema.org\",\"@graph\":[{\"@type\":\"WebPage\",\"@id\":\"https:\\\/\\\/lagodidro.it\\\/attivita\\\/montagna\\\/\",\"url\":\"https:\\\/\\\/lagodidro.it\\\/attivita\\\/montagna\\\/\",\"name\":\"Die Berge - Consorzio Operatori Turistici del Lago d&#039;Idro\",\"isPartOf\":{\"@id\":\"https:\\\/\\\/lagodidro.it\\\/#website\"},\"primaryImageOfPage\":{\"@id\":\"https:\\\/\\\/lagodidro.it\\\/attivita\\\/montagna\\\/#primaryimage\"},\"image\":{\"@id\":\"https:\\\/\\\/lagodidro.it\\\/attivita\\\/montagna\\\/#primaryimage\"},\"thumbnailUrl\":\"https:\\\/\\\/lagodidro.it\\\/wp-content\\\/uploads\\\/2023\\\/04\\\/montagna_6.jpg\",\"datePublished\":\"2023-04-12T08:06:35+00:00\",\"dateModified\":\"2023-05-01T16:25:41+00:00\",\"description\":\"Der Idrosee und seine Berge bieten Wanderungen aller L\u00e4ngen und Schwierigkeitsgrade auf Wegen, die leicht f\u00fcr Amateure oder anspruchsvoll f\u00fcr Experten sind.\",\"breadcrumb\":{\"@id\":\"https:\\\/\\\/lagodidro.it\\\/attivita\\\/montagna\\\/#breadcrumb\"},\"inLanguage\":\"de\",\"potentialAction\":[{\"@type\":\"ReadAction\",\"target\":[\"https:\\\/\\\/lagodidro.it\\\/attivita\\\/montagna\\\/\"]}]},{\"@type\":\"ImageObject\",\"inLanguage\":\"de\",\"@id\":\"https:\\\/\\\/lagodidro.it\\\/attivita\\\/montagna\\\/#primaryimage\",\"url\":\"https:\\\/\\\/lagodidro.it\\\/wp-content\\\/uploads\\\/2023\\\/04\\\/montagna_6.jpg\",\"contentUrl\":\"https:\\\/\\\/lagodidro.it\\\/wp-content\\\/uploads\\\/2023\\\/04\\\/montagna_6.jpg\",\"width\":1150,\"height\":645},{\"@type\":\"BreadcrumbList\",\"@id\":\"https:\\\/\\\/lagodidro.it\\\/attivita\\\/montagna\\\/#breadcrumb\",\"itemListElement\":[{\"@type\":\"ListItem\",\"position\":1,\"name\":\"Home\",\"item\":\"https:\\\/\\\/lagodidro.it\\\/de\\\/\"},{\"@type\":\"ListItem\",\"position\":2,\"name\":\"Aktivit\u00e4ten\",\"item\":\"https:\\\/\\\/lagodidro.it\\\/attivita\\\/\"},{\"@type\":\"ListItem\",\"position\":3,\"name\":\"Die Berge\"}]},{\"@type\":\"WebSite\",\"@id\":\"https:\\\/\\\/lagodidro.it\\\/#website\",\"url\":\"https:\\\/\\\/lagodidro.it\\\/\",\"name\":\"Consorzio Operatori Turistici del Lago d&#039;Idro\",\"description\":\"Consorzio Operatori Turistici del Lago d&#039;Idro\",\"potentialAction\":[{\"@type\":\"SearchAction\",\"target\":{\"@type\":\"EntryPoint\",\"urlTemplate\":\"https:\\\/\\\/lagodidro.it\\\/?s={search_term_string}\"},\"query-input\":{\"@type\":\"PropertyValueSpecification\",\"valueRequired\":true,\"valueName\":\"search_term_string\"}}],\"inLanguage\":\"de\"}]}<\/script>\n<!-- \/ Yoast SEO plugin. -->","yoast_head_json":{"title":"Die Berge - Consorzio Operatori Turistici del Lago d&#039;Idro","description":"Der Idrosee und seine Berge bieten Wanderungen aller L\u00e4ngen und Schwierigkeitsgrade auf Wegen, die leicht f\u00fcr Amateure oder anspruchsvoll f\u00fcr Experten sind.","robots":{"index":"index","follow":"follow","max-snippet":"max-snippet:-1","max-image-preview":"max-image-preview:large","max-video-preview":"max-video-preview:-1"},"canonical":"https:\/\/lagodidro.it\/attivita\/montagna\/","og_locale":"de_DE","og_type":"article","og_title":"Die Berge - Consorzio Operatori Turistici del Lago d&#039;Idro","og_description":"Der Idrosee und seine Berge bieten Wanderungen aller L\u00e4ngen und Schwierigkeitsgrade auf Wegen, die leicht f\u00fcr Amateure oder anspruchsvoll f\u00fcr Experten sind.","og_url":"https:\/\/lagodidro.it\/attivita\/montagna\/","og_site_name":"Consorzio Operatori Turistici del Lago d&#039;Idro","article_modified_time":"2023-05-01T16:25:41+00:00","og_image":[{"width":1150,"height":645,"url":"https:\/\/lagodidro.it\/wp-content\/uploads\/2023\/04\/montagna_6.jpg","type":"image\/jpeg"}],"twitter_card":"summary_large_image","twitter_misc":{"Gesch\u00e4tzte Lesezeit":"2\u00a0Minuten"},"schema":{"@context":"https:\/\/schema.org","@graph":[{"@type":"WebPage","@id":"https:\/\/lagodidro.it\/attivita\/montagna\/","url":"https:\/\/lagodidro.it\/attivita\/montagna\/","name":"Die Berge - Consorzio Operatori Turistici del Lago d&#039;Idro","isPartOf":{"@id":"https:\/\/lagodidro.it\/#website"},"primaryImageOfPage":{"@id":"https:\/\/lagodidro.it\/attivita\/montagna\/#primaryimage"},"image":{"@id":"https:\/\/lagodidro.it\/attivita\/montagna\/#primaryimage"},"thumbnailUrl":"https:\/\/lagodidro.it\/wp-content\/uploads\/2023\/04\/montagna_6.jpg","datePublished":"2023-04-12T08:06:35+00:00","dateModified":"2023-05-01T16:25:41+00:00","description":"Der Idrosee und seine Berge bieten Wanderungen aller L\u00e4ngen und Schwierigkeitsgrade auf Wegen, die leicht f\u00fcr Amateure oder anspruchsvoll f\u00fcr Experten sind.","breadcrumb":{"@id":"https:\/\/lagodidro.it\/attivita\/montagna\/#breadcrumb"},"inLanguage":"de","potentialAction":[{"@type":"ReadAction","target":["https:\/\/lagodidro.it\/attivita\/montagna\/"]}]},{"@type":"ImageObject","inLanguage":"de","@id":"https:\/\/lagodidro.it\/attivita\/montagna\/#primaryimage","url":"https:\/\/lagodidro.it\/wp-content\/uploads\/2023\/04\/montagna_6.jpg","contentUrl":"https:\/\/lagodidro.it\/wp-content\/uploads\/2023\/04\/montagna_6.jpg","width":1150,"height":645},{"@type":"BreadcrumbList","@id":"https:\/\/lagodidro.it\/attivita\/montagna\/#breadcrumb","itemListElement":[{"@type":"ListItem","position":1,"name":"Home","item":"https:\/\/lagodidro.it\/de\/"},{"@type":"ListItem","position":2,"name":"Aktivit\u00e4ten","item":"https:\/\/lagodidro.it\/attivita\/"},{"@type":"ListItem","position":3,"name":"Die Berge"}]},{"@type":"WebSite","@id":"https:\/\/lagodidro.it\/#website","url":"https:\/\/lagodidro.it\/","name":"Consorzio Operatori Turistici del Lago d&#039;Idro","description":"Consorzio Operatori Turistici del Lago d&#039;Idro","potentialAction":[{"@type":"SearchAction","target":{"@type":"EntryPoint","urlTemplate":"https:\/\/lagodidro.it\/?s={search_term_string}"},"query-input":{"@type":"PropertyValueSpecification","valueRequired":true,"valueName":"search_term_string"}}],"inLanguage":"de"}]}},"_links":{"self":[{"href":"https:\/\/lagodidro.it\/de\/wp-json\/wp\/v2\/pages\/1787","targetHints":{"allow":["GET"]}}],"collection":[{"href":"https:\/\/lagodidro.it\/de\/wp-json\/wp\/v2\/pages"}],"about":[{"href":"https:\/\/lagodidro.it\/de\/wp-json\/wp\/v2\/types\/page"}],"author":[{"embeddable":true,"href":"https:\/\/lagodidro.it\/de\/wp-json\/wp\/v2\/users\/1"}],"replies":[{"embeddable":true,"href":"https:\/\/lagodidro.it\/de\/wp-json\/wp\/v2\/comments?post=1787"}],"version-history":[{"count":2,"href":"https:\/\/lagodidro.it\/de\/wp-json\/wp\/v2\/pages\/1787\/revisions"}],"predecessor-version":[{"id":1789,"href":"https:\/\/lagodidro.it\/de\/wp-json\/wp\/v2\/pages\/1787\/revisions\/1789"}],"up":[{"embeddable":true,"href":"https:\/\/lagodidro.it\/de\/wp-json\/wp\/v2\/pages\/1654"}],"wp:featuredmedia":[{"embeddable":true,"href":"https:\/\/lagodidro.it\/de\/wp-json\/wp\/v2\/media\/1251"}],"wp:attachment":[{"href":"https:\/\/lagodidro.it\/de\/wp-json\/wp\/v2\/media?parent=1787"}],"curies":[{"name":"wp","href":"https:\/\/api.w.org\/{rel}","templated":true}]}}