{"id":1969,"date":"2023-04-12T10:12:29","date_gmt":"2023-04-12T08:12:29","guid":{"rendered":"https:\/\/lagodidro.it\/aktivitaeten\/excursions\/"},"modified":"2023-05-06T11:40:55","modified_gmt":"2023-05-06T09:40:55","slug":"exkursionen","status":"publish","type":"page","link":"https:\/\/lagodidro.it\/de\/aktivitaeten\/exkursionen\/","title":{"rendered":"Exkursionen"},"content":{"rendered":"<section class=\"l-section wpb_row height_large full_height valign_bottom with_img with_shape\"><div class=\"l-section-img\" role=\"img\" aria-label=\"Bild\" data-img-width=\"1150\" data-img-height=\"645\" style=\"background-image: url(https:\/\/lagodidro.it\/wp-content\/uploads\/2023\/04\/gite_9.jpg);background-repeat: no-repeat;\"><\/div><div class=\"l-section-overlay\" style=\"background:rgba(0,0,0,0.15)\"><\/div><div class=\"l-section-shape type_wave pos_bottom\" style=\"height:10vmin;\"><svg xmlns=\"http:\/\/www.w3.org\/2000\/svg\" viewBox=\"0 4 64 4\" preserveAspectRatio=\"none\" width=\"100%\" height=\"100%\">\r\n\t<path fill=\"currentColor\" d=\"M64 6 C32 0 32 12 0 6 L0 8 L64 8 Z\"\/>\r\n<\/svg><\/div><div class=\"l-section-h i-cf\"><div class=\"g-cols vc_row via_grid cols_1 laptops-cols_inherit tablets-cols_inherit mobiles-cols_1 valign_top type_default stacking_default\"><div class=\"wpb_column vc_column_container\"><div class=\"vc_column-inner\"><div class=\"w-image i400 align_center\"><div class=\"w-image-h\"><img decoding=\"async\" width=\"327\" height=\"185\" src=\"https:\/\/lagodidro.it\/wp-content\/uploads\/2023\/04\/Risorsa-1.svg\" class=\"attachment-large size-large\" alt=\"\" loading=\"lazy\" \/><\/div><\/div><div class=\"w-separator size_medium\"><\/div><nav class=\"g-breadcrumbs us_custom_9fc592ca has_text_color separator_icon align_none\" itemscope itemtype=\"http:\/\/schema.org\/BreadcrumbList\"><div class=\"g-breadcrumbs-item\" itemscope itemprop=\"itemListElement\" itemtype=\"http:\/\/schema.org\/ListItem\"><a itemprop=\"item\" href=\"https:\/\/lagodidro.it\/de\/\"><span itemprop=\"name\">Start<\/span><\/a><meta itemprop=\"position\" content=\"1\"\/><\/div><div class=\"g-breadcrumbs-separator\"><i class=\"far fa-angle-right\"><\/i><\/div><div class=\"g-breadcrumbs-item\">Seiten<\/div><\/nav><\/div><\/div><\/div><\/div><\/section><section class=\"l-section wpb_row height_medium\"><div class=\"l-section-h i-cf\"><div class=\"g-cols vc_row via_grid cols_1 laptops-cols_inherit tablets-cols_inherit mobiles-cols_1 valign_top type_default stacking_default\"><div class=\"wpb_column vc_column_container\"><div class=\"vc_column-inner\"><div class=\"wpb_text_column\"><div class=\"wpb_wrapper\"><h1>Ein Tagesausflug<\/h1>\n<\/div><\/div><div class=\"wpb_text_column\"><div class=\"wpb_wrapper\"><h2>Tagesfahrten mit dem Auto<\/h2>\n<\/div><\/div><div class=\"w-separator size_small with_line width_30 thick_2 style_solid color_border align_left\"><div class=\"w-separator-h\"><\/div><\/div><div class=\"wpb_text_column\"><div class=\"wpb_wrapper\"><p>Besucher des Idrosees k\u00f6nnen auch Tagesausfl\u00fcge mit dem Auto unternehmen. Das Westufer des ber\u00fchmten Gardasees ist nur 30 km entfernt und f\u00fchrt durch das Valle di Ledro, das f\u00fcr seinen See und seine pr\u00e4historischen Pfahlbauten ber\u00fchmt ist. Nach einem Besuch der typischen Seest\u00e4dte Riva, Limone und Gargnano kannst du durch das bezaubernde Val Vestino zur\u00fcck zum Idrosee fahren und die unzug\u00e4ngliche Sch\u00f6nheit des smaragdgr\u00fcnen Sees bewundern. Wenn du die 60 km nach Madonna di Campiglio f\u00e4hrst, kannst du die Brenta-Dolomiten bewundern, in denen im Winter die Skiweltmeisterschaften ausgetragen werden. Die Seilbahn f\u00e4hrt auch in den Sommermonaten f\u00fcr diejenigen, die die Alpen auf die faule Art sehen wollen. Oder wie w\u00e4re es mit einem Tagesausflug nach Verona oder Venedig? Verona, die Stadt, in der Romeo und Julia spielt, ist anderthalb Autostunden (100 km) entfernt und beherbergt die ber\u00fchmte Arena, in der jeden Sommer Opern aufgef\u00fchrt werden.<\/p>\n<p>Venedig ist 220 km entfernt, zweieinhalb Stunden mit dem Auto. Diese herrliche Lagunenstadt mit ihren zahlreichen Pal\u00e4sten, Kirchen, Museen und Denkm\u00e4lern wird von vielen als eine der sch\u00f6nsten St\u00e4dte der Welt angesehen. Die Gr\u00f6\u00dften der Kunst, Poesie und Literatur haben in Brescia tiefe Spuren hinterlassen. Sie ist nur 50 Autominuten entfernt.<\/p>\n<\/div><\/div><\/div><\/div><\/div><\/div><\/section><section class=\"l-section wpb_row height_medium\"><div class=\"l-section-h i-cf\"><div class=\"g-cols vc_row via_grid cols_1 laptops-cols_inherit tablets-cols_inherit mobiles-cols_1 valign_top type_default stacking_default\"><div class=\"wpb_column vc_column_container\"><div class=\"vc_column-inner\"><div class=\"w-grid type_carousel layout_74 open_items_in_popup items_3\" id=\"us_grid_1\" style=\"--items:3;--gap:0.3rem;\"><style>.layout_74 .w-grid-item-h{}.layout_74 .usg_post_image_1{transition-duration:0.3s;transform-origin:50% 50%;transform:scale(1) translate(0%,0%);opacity:0.8}.layout_74 .w-grid-item-h:focus-within .usg_post_image_1,.layout_74 .w-grid-item-h:hover .usg_post_image_1{transform:scale(1) translate(0%,0%);opacity:1;background:var(--color-header-middle-bg-grad,var(--color-header-middle-bg) )!important}.layout_74 .usg_post_image_1{background:var(--color-header-middle-bg-grad,var(--color-header-middle-bg) )!important}<\/style><div class=\"w-grid-list owl-carousel valign_stretch dotstyle_circle navstyle_circle navpos_outside owl-responsive-2000 with_arrows\" style=\"--transition-duration:350ms;--arrows-size:1.5rem;\">\t<article class=\"w-grid-item post-1347 attachment type-attachment status-inherit hentry\" data-id=\"1347\">\r\n\t\t<div class=\"w-grid-item-h\">\r\n\t\t\t\t\t\t<div class=\"w-post-elm post_image usg_post_image_1 has_ratio\"><a ref=\"magnificPopup\" href=\"https:\/\/lagodidro.it\/wp-content\/uploads\/2023\/04\/gite_11.jpg\" aria-label=\"gite_11\"><img loading=\"lazy\" decoding=\"async\" width=\"1150\" height=\"645\" src=\"https:\/\/lagodidro.it\/wp-content\/uploads\/2023\/04\/gite_11.jpg\" class=\"attachment-full size-full\" alt=\"\" \/><\/a><div style=\"padding-bottom:75%\"><\/div><\/div>\t\t<\/div>\r\n\t\t\t<\/article>\r\n\t<article class=\"w-grid-item post-1344 attachment type-attachment status-inherit hentry\" data-id=\"1344\">\r\n\t\t<div class=\"w-grid-item-h\">\r\n\t\t\t\t\t\t<div class=\"w-post-elm post_image usg_post_image_1 has_ratio\"><a ref=\"magnificPopup\" href=\"https:\/\/lagodidro.it\/wp-content\/uploads\/2023\/04\/gite_10.jpg\" aria-label=\"gite_10\"><img loading=\"lazy\" decoding=\"async\" width=\"1150\" height=\"645\" src=\"https:\/\/lagodidro.it\/wp-content\/uploads\/2023\/04\/gite_10.jpg\" class=\"attachment-full size-full\" alt=\"\" \/><\/a><div style=\"padding-bottom:75%\"><\/div><\/div>\t\t<\/div>\r\n\t\t\t<\/article>\r\n\t<article class=\"w-grid-item post-1341 attachment type-attachment status-inherit hentry\" data-id=\"1341\">\r\n\t\t<div class=\"w-grid-item-h\">\r\n\t\t\t\t\t\t<div class=\"w-post-elm post_image usg_post_image_1 has_ratio\"><a ref=\"magnificPopup\" href=\"https:\/\/lagodidro.it\/wp-content\/uploads\/2023\/04\/gite_9.jpg\" aria-label=\"gite_9\"><img loading=\"lazy\" decoding=\"async\" width=\"1150\" height=\"645\" src=\"https:\/\/lagodidro.it\/wp-content\/uploads\/2023\/04\/gite_9.jpg\" class=\"attachment-full size-full\" alt=\"\" \/><\/a><div style=\"padding-bottom:75%\"><\/div><\/div>\t\t<\/div>\r\n\t\t\t<\/article>\r\n\t<article class=\"w-grid-item post-1338 attachment type-attachment status-inherit hentry\" data-id=\"1338\">\r\n\t\t<div class=\"w-grid-item-h\">\r\n\t\t\t\t\t\t<div class=\"w-post-elm post_image usg_post_image_1 has_ratio\"><a ref=\"magnificPopup\" href=\"https:\/\/lagodidro.it\/wp-content\/uploads\/2023\/04\/gite_8.jpg\" aria-label=\"gite_8\"><img loading=\"lazy\" decoding=\"async\" width=\"1150\" height=\"645\" src=\"https:\/\/lagodidro.it\/wp-content\/uploads\/2023\/04\/gite_8.jpg\" class=\"attachment-full size-full\" alt=\"\" \/><\/a><div style=\"padding-bottom:75%\"><\/div><\/div>\t\t<\/div>\r\n\t\t\t<\/article>\r\n\t<article class=\"w-grid-item post-1335 attachment type-attachment status-inherit hentry\" data-id=\"1335\">\r\n\t\t<div class=\"w-grid-item-h\">\r\n\t\t\t\t\t\t<div class=\"w-post-elm post_image usg_post_image_1 has_ratio\"><a ref=\"magnificPopup\" href=\"https:\/\/lagodidro.it\/wp-content\/uploads\/2023\/04\/gite_7.jpg\" aria-label=\"gite_7\"><img loading=\"lazy\" decoding=\"async\" width=\"1150\" height=\"645\" src=\"https:\/\/lagodidro.it\/wp-content\/uploads\/2023\/04\/gite_7.jpg\" class=\"attachment-full size-full\" alt=\"\" \/><\/a><div style=\"padding-bottom:75%\"><\/div><\/div>\t\t<\/div>\r\n\t\t\t<\/article>\r\n\t<article class=\"w-grid-item post-1332 attachment type-attachment status-inherit hentry\" data-id=\"1332\">\r\n\t\t<div class=\"w-grid-item-h\">\r\n\t\t\t\t\t\t<div class=\"w-post-elm post_image usg_post_image_1 has_ratio\"><a ref=\"magnificPopup\" href=\"https:\/\/lagodidro.it\/wp-content\/uploads\/2023\/04\/gite_6.jpg\" aria-label=\"gite_6\"><img loading=\"lazy\" decoding=\"async\" width=\"1150\" height=\"645\" src=\"https:\/\/lagodidro.it\/wp-content\/uploads\/2023\/04\/gite_6.jpg\" class=\"attachment-full size-full\" alt=\"\" \/><\/a><div style=\"padding-bottom:75%\"><\/div><\/div>\t\t<\/div>\r\n\t\t\t<\/article>\r\n\t<article class=\"w-grid-item post-1329 attachment type-attachment status-inherit hentry\" data-id=\"1329\">\r\n\t\t<div class=\"w-grid-item-h\">\r\n\t\t\t\t\t\t<div class=\"w-post-elm post_image usg_post_image_1 has_ratio\"><a ref=\"magnificPopup\" href=\"https:\/\/lagodidro.it\/wp-content\/uploads\/2023\/04\/gite_5.jpg\" aria-label=\"gite_5\"><img loading=\"lazy\" decoding=\"async\" width=\"1150\" height=\"645\" src=\"https:\/\/lagodidro.it\/wp-content\/uploads\/2023\/04\/gite_5.jpg\" class=\"attachment-full size-full\" alt=\"\" \/><\/a><div style=\"padding-bottom:75%\"><\/div><\/div>\t\t<\/div>\r\n\t\t\t<\/article>\r\n\t<article class=\"w-grid-item post-1326 attachment type-attachment status-inherit hentry\" data-id=\"1326\">\r\n\t\t<div class=\"w-grid-item-h\">\r\n\t\t\t\t\t\t<div class=\"w-post-elm post_image usg_post_image_1 has_ratio\"><a ref=\"magnificPopup\" href=\"https:\/\/lagodidro.it\/wp-content\/uploads\/2023\/04\/gite_4.jpg\" aria-label=\"gite_4\"><img loading=\"lazy\" decoding=\"async\" width=\"1150\" height=\"645\" src=\"https:\/\/lagodidro.it\/wp-content\/uploads\/2023\/04\/gite_4.jpg\" class=\"attachment-full size-full\" alt=\"\" \/><\/a><div style=\"padding-bottom:75%\"><\/div><\/div>\t\t<\/div>\r\n\t\t\t<\/article>\r\n\t<article class=\"w-grid-item post-1323 attachment type-attachment status-inherit hentry\" data-id=\"1323\">\r\n\t\t<div class=\"w-grid-item-h\">\r\n\t\t\t\t\t\t<div class=\"w-post-elm post_image usg_post_image_1 has_ratio\"><a ref=\"magnificPopup\" href=\"https:\/\/lagodidro.it\/wp-content\/uploads\/2023\/04\/gite_3.jpg\" aria-label=\"gite_3\"><img loading=\"lazy\" decoding=\"async\" width=\"1150\" height=\"645\" src=\"https:\/\/lagodidro.it\/wp-content\/uploads\/2023\/04\/gite_3.jpg\" class=\"attachment-full size-full\" alt=\"\" \/><\/a><div style=\"padding-bottom:75%\"><\/div><\/div>\t\t<\/div>\r\n\t\t\t<\/article>\r\n\t<article class=\"w-grid-item post-1320 attachment type-attachment status-inherit hentry\" data-id=\"1320\">\r\n\t\t<div class=\"w-grid-item-h\">\r\n\t\t\t\t\t\t<div class=\"w-post-elm post_image usg_post_image_1 has_ratio\"><a ref=\"magnificPopup\" href=\"https:\/\/lagodidro.it\/wp-content\/uploads\/2023\/04\/gite_2.jpg\" aria-label=\"gite_2\"><img loading=\"lazy\" decoding=\"async\" width=\"1150\" height=\"645\" src=\"https:\/\/lagodidro.it\/wp-content\/uploads\/2023\/04\/gite_2.jpg\" class=\"attachment-full size-full\" alt=\"\" \/><\/a><div style=\"padding-bottom:75%\"><\/div><\/div>\t\t<\/div>\r\n\t\t\t<\/article>\r\n\t<article class=\"w-grid-item post-1317 attachment type-attachment status-inherit hentry\" data-id=\"1317\">\r\n\t\t<div class=\"w-grid-item-h\">\r\n\t\t\t\t\t\t<div class=\"w-post-elm post_image usg_post_image_1 has_ratio\"><a ref=\"magnificPopup\" href=\"https:\/\/lagodidro.it\/wp-content\/uploads\/2023\/04\/gite_1.jpg\" aria-label=\"gite_1\"><img loading=\"lazy\" decoding=\"async\" width=\"1150\" height=\"645\" src=\"https:\/\/lagodidro.it\/wp-content\/uploads\/2023\/04\/gite_1.jpg\" class=\"attachment-full size-full\" alt=\"\" \/><\/a><div style=\"padding-bottom:75%\"><\/div><\/div>\t\t<\/div>\r\n\t\t\t<\/article>\r\n<\/div>\t<div class=\"g-preloader type_custom\">\r\n\t\t<div><img loading=\"lazy\" decoding=\"async\" width=\"300\" height=\"158\" src=\"https:\/\/lagodidro.it\/wp-content\/uploads\/2023\/03\/logo-lagodidro-home-300x158.png\" class=\"attachment-medium size-medium\" alt=\"\" srcset=\"https:\/\/lagodidro.it\/wp-content\/uploads\/2023\/03\/logo-lagodidro-home-300x158.png 300w, https:\/\/lagodidro.it\/wp-content\/uploads\/2023\/03\/logo-lagodidro-home.png 429w\" sizes=\"auto, (max-width: 300px) 100vw, 300px\" \/><\/div>\r\n\t<\/div>\r\n\t\t<div class=\"w-grid-json hidden\" onclick='return {&quot;action&quot;:&quot;us_ajax_grid&quot;,&quot;infinite_scroll&quot;:0,&quot;max_num_pages&quot;:1,&quot;pagination&quot;:&quot;none&quot;,&quot;template_vars&quot;:{&quot;columns&quot;:&quot;&quot;,&quot;exclude_items&quot;:&quot;none&quot;,&quot;img_size&quot;:&quot;default&quot;,&quot;ignore_items_size&quot;:0,&quot;items_layout&quot;:&quot;74&quot;,&quot;items_offset&quot;:&quot;0px&quot;,&quot;load_animation&quot;:&quot;none&quot;,&quot;overriding_link&quot;:&quot;popup_post_image&quot;,&quot;post_id&quot;:0,&quot;query_args&quot;:{&quot;post_type&quot;:[&quot;attachment&quot;],&quot;post__in&quot;:[&quot;455&quot;,&quot;456&quot;,&quot;457&quot;,&quot;458&quot;,&quot;459&quot;,&quot;460&quot;,&quot;461&quot;,&quot;462&quot;,&quot;463&quot;,&quot;464&quot;,&quot;465&quot;],&quot;post_status&quot;:&quot;inherit&quot;,&quot;post_mime_type&quot;:&quot;image&quot;,&quot;posts_per_page&quot;:&quot;50&quot;},&quot;orderby_query_args&quot;:{&quot;orderby&quot;:{&quot;date&quot;:&quot;DESC&quot;}},&quot;type&quot;:&quot;carousel&quot;,&quot;us_grid_post_type&quot;:&quot;attachment&quot;,&quot;us_grid_ajax_index&quot;:1,&quot;us_grid_filter_query_string&quot;:null,&quot;us_grid_index&quot;:1,&quot;page_args&quot;:[],&quot;lang&quot;:&quot;de&quot;},&quot;carousel_settings&quot;:{&quot;aria_labels&quot;:{&quot;prev&quot;:&quot;Zur\\u00fcck&quot;,&quot;next&quot;:&quot;Weiter&quot;},&quot;autoplayContinual&quot;:false,&quot;autoplayHoverPause&quot;:false,&quot;autoplayTimeout&quot;:3000,&quot;autoWidth&quot;:false,&quot;smartSpeed&quot;:350,&quot;margin&quot;:0,&quot;mouseDrag&quot;:true,&quot;rtl&quot;:false,&quot;slideBy&quot;:&quot;1&quot;,&quot;touchDrag&quot;:true,&quot;slideTransition&quot;:&quot;&quot;,&quot;responsive&quot;:{&quot;0&quot;:{&quot;autoHeight&quot;:false,&quot;autoplay&quot;:true,&quot;autoWidth&quot;:false,&quot;center&quot;:false,&quot;dots&quot;:false,&quot;items&quot;:1,&quot;loop&quot;:true,&quot;nav&quot;:false,&quot;stagePadding&quot;:0,&quot;slideBy&quot;:&quot;1&quot;},&quot;601&quot;:{&quot;autoHeight&quot;:false,&quot;autoplay&quot;:true,&quot;autoWidth&quot;:false,&quot;center&quot;:false,&quot;dots&quot;:false,&quot;items&quot;:2,&quot;loop&quot;:true,&quot;nav&quot;:true,&quot;stagePadding&quot;:0,&quot;slideBy&quot;:&quot;1&quot;},&quot;1025&quot;:{&quot;autoHeight&quot;:false,&quot;autoplay&quot;:true,&quot;autoWidth&quot;:false,&quot;center&quot;:false,&quot;dots&quot;:false,&quot;items&quot;:3,&quot;loop&quot;:true,&quot;nav&quot;:true,&quot;stagePadding&quot;:0,&quot;slideBy&quot;:&quot;1&quot;},&quot;1381&quot;:{&quot;items&quot;:3,&quot;autoplay&quot;:false,&quot;center&quot;:false,&quot;dots&quot;:false,&quot;nav&quot;:true,&quot;autoHeight&quot;:false,&quot;autoWidth&quot;:false,&quot;loop&quot;:true,&quot;stagePadding&quot;:0}}}}'><\/div>\r\n\t<div class=\"l-popup\">\r\n\t<div class=\"l-popup-overlay\"><\/div>\r\n\t<div class=\"l-popup-wrap\">\r\n\t\t<div class=\"l-popup-box\">\r\n\t\t\t<div class=\"l-popup-box-content\">\r\n\t\t\t\t<div class=\"g-preloader type_custom\">\r\n\t\t\t\t\t<div><img loading=\"lazy\" decoding=\"async\" width=\"300\" height=\"158\" src=\"https:\/\/lagodidro.it\/wp-content\/uploads\/2023\/03\/logo-lagodidro-home-300x158.png\" class=\"attachment-medium size-medium\" alt=\"\" srcset=\"https:\/\/lagodidro.it\/wp-content\/uploads\/2023\/03\/logo-lagodidro-home-300x158.png 300w, https:\/\/lagodidro.it\/wp-content\/uploads\/2023\/03\/logo-lagodidro-home.png 429w\" sizes=\"auto, (max-width: 300px) 100vw, 300px\" \/><\/div>\r\n\t\t\t\t<\/div>\r\n\t\t\t\t<iframe class=\"l-popup-box-content-frame\" allowfullscreen><\/iframe>\r\n\t\t\t<\/div>\r\n\t\t<\/div>\r\n\t\t\t\t\t<div class=\"l-popup-arrow to_next hidden\" title=\"Weiter\"><\/div>\r\n\t\t\t<div class=\"l-popup-arrow to_prev hidden\" title=\"Zur\u00fcck\"><\/div>\r\n\t\t\t\t<div class=\"l-popup-closer\"><\/div>\r\n\t<\/div>\r\n<\/div>\r\n<\/div><\/div><\/div><\/div><\/div><\/section>\n","protected":false},"excerpt":{"rendered":"","protected":false},"author":1,"featured_media":1341,"parent":1654,"menu_order":0,"comment_status":"closed","ping_status":"closed","template":"","meta":{"_acf_changed":false,"inline_featured_image":false,"footnotes":""},"class_list":["post-1969","page","type-page","status-publish","has-post-thumbnail","hentry"],"acf":[],"yoast_head":"<!-- This site is optimized with the Yoast SEO plugin v27.5 - https:\/\/yoast.com\/product\/yoast-seo-wordpress\/ -->\n<title>Exkursionen - Consorzio Operatori Turistici del Lago d&#039;Idro<\/title>\n<meta name=\"description\" content=\"Besucher des Idrosees k\u00f6nnen auch Tagesausfl\u00fcge mit dem Auto unternehmen\" \/>\n<meta name=\"robots\" content=\"index, follow, max-snippet:-1, max-image-preview:large, max-video-preview:-1\" \/>\n<link rel=\"canonical\" href=\"https:\/\/lagodidro.it\/attivita\/gite\/\" \/>\n<meta property=\"og:locale\" content=\"de_DE\" \/>\n<meta property=\"og:type\" content=\"article\" \/>\n<meta property=\"og:title\" content=\"Exkursionen - Consorzio Operatori Turistici del Lago d&#039;Idro\" \/>\n<meta property=\"og:description\" content=\"Besucher des Idrosees k\u00f6nnen auch Tagesausfl\u00fcge mit dem Auto unternehmen\" \/>\n<meta property=\"og:url\" content=\"https:\/\/lagodidro.it\/attivita\/gite\/\" \/>\n<meta property=\"og:site_name\" content=\"Consorzio Operatori Turistici del Lago d&#039;Idro\" \/>\n<meta property=\"article:modified_time\" content=\"2023-05-06T09:40:55+00:00\" \/>\n<meta property=\"og:image\" content=\"https:\/\/lagodidro.it\/wp-content\/uploads\/2023\/04\/gite_9.jpg\" \/>\n\t<meta property=\"og:image:width\" content=\"1150\" \/>\n\t<meta property=\"og:image:height\" content=\"645\" \/>\n\t<meta property=\"og:image:type\" content=\"image\/jpeg\" \/>\n<meta name=\"twitter:card\" content=\"summary_large_image\" \/>\n<meta name=\"twitter:label1\" content=\"Gesch\u00e4tzte Lesezeit\" \/>\n\t<meta name=\"twitter:data1\" content=\"2\u00a0Minuten\" \/>\n<script type=\"application\/ld+json\" class=\"yoast-schema-graph\">{\"@context\":\"https:\\\/\\\/schema.org\",\"@graph\":[{\"@type\":\"WebPage\",\"@id\":\"https:\\\/\\\/lagodidro.it\\\/attivita\\\/gite\\\/\",\"url\":\"https:\\\/\\\/lagodidro.it\\\/attivita\\\/gite\\\/\",\"name\":\"Exkursionen - Consorzio Operatori Turistici del Lago d&#039;Idro\",\"isPartOf\":{\"@id\":\"https:\\\/\\\/lagodidro.it\\\/#website\"},\"primaryImageOfPage\":{\"@id\":\"https:\\\/\\\/lagodidro.it\\\/attivita\\\/gite\\\/#primaryimage\"},\"image\":{\"@id\":\"https:\\\/\\\/lagodidro.it\\\/attivita\\\/gite\\\/#primaryimage\"},\"thumbnailUrl\":\"https:\\\/\\\/lagodidro.it\\\/wp-content\\\/uploads\\\/2023\\\/04\\\/gite_9.jpg\",\"datePublished\":\"2023-04-12T08:12:29+00:00\",\"dateModified\":\"2023-05-06T09:40:55+00:00\",\"description\":\"Besucher des Idrosees k\u00f6nnen auch Tagesausfl\u00fcge mit dem Auto unternehmen\",\"breadcrumb\":{\"@id\":\"https:\\\/\\\/lagodidro.it\\\/attivita\\\/gite\\\/#breadcrumb\"},\"inLanguage\":\"de\",\"potentialAction\":[{\"@type\":\"ReadAction\",\"target\":[\"https:\\\/\\\/lagodidro.it\\\/attivita\\\/gite\\\/\"]}]},{\"@type\":\"ImageObject\",\"inLanguage\":\"de\",\"@id\":\"https:\\\/\\\/lagodidro.it\\\/attivita\\\/gite\\\/#primaryimage\",\"url\":\"https:\\\/\\\/lagodidro.it\\\/wp-content\\\/uploads\\\/2023\\\/04\\\/gite_9.jpg\",\"contentUrl\":\"https:\\\/\\\/lagodidro.it\\\/wp-content\\\/uploads\\\/2023\\\/04\\\/gite_9.jpg\",\"width\":1150,\"height\":645},{\"@type\":\"BreadcrumbList\",\"@id\":\"https:\\\/\\\/lagodidro.it\\\/attivita\\\/gite\\\/#breadcrumb\",\"itemListElement\":[{\"@type\":\"ListItem\",\"position\":1,\"name\":\"Home\",\"item\":\"https:\\\/\\\/lagodidro.it\\\/de\\\/\"},{\"@type\":\"ListItem\",\"position\":2,\"name\":\"Aktivit\u00e4ten\",\"item\":\"https:\\\/\\\/lagodidro.it\\\/attivita\\\/\"},{\"@type\":\"ListItem\",\"position\":3,\"name\":\"Exkursionen\"}]},{\"@type\":\"WebSite\",\"@id\":\"https:\\\/\\\/lagodidro.it\\\/#website\",\"url\":\"https:\\\/\\\/lagodidro.it\\\/\",\"name\":\"Consorzio Operatori Turistici del Lago d&#039;Idro\",\"description\":\"Consorzio Operatori Turistici del Lago d&#039;Idro\",\"potentialAction\":[{\"@type\":\"SearchAction\",\"target\":{\"@type\":\"EntryPoint\",\"urlTemplate\":\"https:\\\/\\\/lagodidro.it\\\/?s={search_term_string}\"},\"query-input\":{\"@type\":\"PropertyValueSpecification\",\"valueRequired\":true,\"valueName\":\"search_term_string\"}}],\"inLanguage\":\"de\"}]}<\/script>\n<!-- \/ Yoast SEO plugin. -->","yoast_head_json":{"title":"Exkursionen - Consorzio Operatori Turistici del Lago d&#039;Idro","description":"Besucher des Idrosees k\u00f6nnen auch Tagesausfl\u00fcge mit dem Auto unternehmen","robots":{"index":"index","follow":"follow","max-snippet":"max-snippet:-1","max-image-preview":"max-image-preview:large","max-video-preview":"max-video-preview:-1"},"canonical":"https:\/\/lagodidro.it\/attivita\/gite\/","og_locale":"de_DE","og_type":"article","og_title":"Exkursionen - Consorzio Operatori Turistici del Lago d&#039;Idro","og_description":"Besucher des Idrosees k\u00f6nnen auch Tagesausfl\u00fcge mit dem Auto unternehmen","og_url":"https:\/\/lagodidro.it\/attivita\/gite\/","og_site_name":"Consorzio Operatori Turistici del Lago d&#039;Idro","article_modified_time":"2023-05-06T09:40:55+00:00","og_image":[{"width":1150,"height":645,"url":"https:\/\/lagodidro.it\/wp-content\/uploads\/2023\/04\/gite_9.jpg","type":"image\/jpeg"}],"twitter_card":"summary_large_image","twitter_misc":{"Gesch\u00e4tzte Lesezeit":"2\u00a0Minuten"},"schema":{"@context":"https:\/\/schema.org","@graph":[{"@type":"WebPage","@id":"https:\/\/lagodidro.it\/attivita\/gite\/","url":"https:\/\/lagodidro.it\/attivita\/gite\/","name":"Exkursionen - Consorzio Operatori Turistici del Lago d&#039;Idro","isPartOf":{"@id":"https:\/\/lagodidro.it\/#website"},"primaryImageOfPage":{"@id":"https:\/\/lagodidro.it\/attivita\/gite\/#primaryimage"},"image":{"@id":"https:\/\/lagodidro.it\/attivita\/gite\/#primaryimage"},"thumbnailUrl":"https:\/\/lagodidro.it\/wp-content\/uploads\/2023\/04\/gite_9.jpg","datePublished":"2023-04-12T08:12:29+00:00","dateModified":"2023-05-06T09:40:55+00:00","description":"Besucher des Idrosees k\u00f6nnen auch Tagesausfl\u00fcge mit dem Auto unternehmen","breadcrumb":{"@id":"https:\/\/lagodidro.it\/attivita\/gite\/#breadcrumb"},"inLanguage":"de","potentialAction":[{"@type":"ReadAction","target":["https:\/\/lagodidro.it\/attivita\/gite\/"]}]},{"@type":"ImageObject","inLanguage":"de","@id":"https:\/\/lagodidro.it\/attivita\/gite\/#primaryimage","url":"https:\/\/lagodidro.it\/wp-content\/uploads\/2023\/04\/gite_9.jpg","contentUrl":"https:\/\/lagodidro.it\/wp-content\/uploads\/2023\/04\/gite_9.jpg","width":1150,"height":645},{"@type":"BreadcrumbList","@id":"https:\/\/lagodidro.it\/attivita\/gite\/#breadcrumb","itemListElement":[{"@type":"ListItem","position":1,"name":"Home","item":"https:\/\/lagodidro.it\/de\/"},{"@type":"ListItem","position":2,"name":"Aktivit\u00e4ten","item":"https:\/\/lagodidro.it\/attivita\/"},{"@type":"ListItem","position":3,"name":"Exkursionen"}]},{"@type":"WebSite","@id":"https:\/\/lagodidro.it\/#website","url":"https:\/\/lagodidro.it\/","name":"Consorzio Operatori Turistici del Lago d&#039;Idro","description":"Consorzio Operatori Turistici del Lago d&#039;Idro","potentialAction":[{"@type":"SearchAction","target":{"@type":"EntryPoint","urlTemplate":"https:\/\/lagodidro.it\/?s={search_term_string}"},"query-input":{"@type":"PropertyValueSpecification","valueRequired":true,"valueName":"search_term_string"}}],"inLanguage":"de"}]}},"_links":{"self":[{"href":"https:\/\/lagodidro.it\/de\/wp-json\/wp\/v2\/pages\/1969","targetHints":{"allow":["GET"]}}],"collection":[{"href":"https:\/\/lagodidro.it\/de\/wp-json\/wp\/v2\/pages"}],"about":[{"href":"https:\/\/lagodidro.it\/de\/wp-json\/wp\/v2\/types\/page"}],"author":[{"embeddable":true,"href":"https:\/\/lagodidro.it\/de\/wp-json\/wp\/v2\/users\/1"}],"replies":[{"embeddable":true,"href":"https:\/\/lagodidro.it\/de\/wp-json\/wp\/v2\/comments?post=1969"}],"version-history":[{"count":2,"href":"https:\/\/lagodidro.it\/de\/wp-json\/wp\/v2\/pages\/1969\/revisions"}],"predecessor-version":[{"id":1971,"href":"https:\/\/lagodidro.it\/de\/wp-json\/wp\/v2\/pages\/1969\/revisions\/1971"}],"up":[{"embeddable":true,"href":"https:\/\/lagodidro.it\/de\/wp-json\/wp\/v2\/pages\/1654"}],"wp:featuredmedia":[{"embeddable":true,"href":"https:\/\/lagodidro.it\/de\/wp-json\/wp\/v2\/media\/1341"}],"wp:attachment":[{"href":"https:\/\/lagodidro.it\/de\/wp-json\/wp\/v2\/media?parent=1969"}],"curies":[{"name":"wp","href":"https:\/\/api.w.org\/{rel}","templated":true}]}}